{"id":29897,"date":"2023-10-31T10:40:28","date_gmt":"2023-10-31T10:40:28","guid":{"rendered":"https:\/\/tattini.dotstage.net\/prodotto\/pantalon-daslo-enfant-poids-standard\/"},"modified":"2024-02-02T16:37:22","modified_gmt":"2024-02-02T16:37:22","slug":"culotte-daslo-garcon-fille-poids-standard","status":"publish","type":"product","link":"https:\/\/tattini.dotstage.net\/fr\/produit\/culotte-daslo-garcon-fille-poids-standard\/","title":{"rendered":"Culotte Dasl\u00f6 gar\u00e7on\/fille, poids standard"},"content":{"rendered":"","protected":false},"excerpt":{"rendered":"<p>En coton \u00e9lastique style \u201cmaille\u201d (95% coton et 5% spandex), poids 360 gr., coupe pr\u00e8s du corps avec basanes renforc\u00e9es en tissu style su\u00e9dine.<\/p>\n","protected":false},"featured_media":16243,"template":"","meta":[],"product_cat":[828,846,771],"product_tag":[],"_links":{"self":[{"href":"https:\/\/tattini.dotstage.net\/fr\/wp-json\/wp\/v2\/product\/29897"}],"collection":[{"href":"https:\/\/tattini.dotstage.net\/fr\/wp-json\/wp\/v2\/product"}],"about":[{"href":"https:\/\/tattini.dotstage.net\/fr\/wp-json\/wp\/v2\/types\/product"}],"version-history":[{"count":0,"href":"https:\/\/tattini.dotstage.net\/fr\/wp-json\/wp\/v2\/product\/29897\/revisions"}],"wp:featuredmedia":[{"embeddable":true,"href":"https:\/\/tattini.dotstage.net\/fr\/wp-json\/wp\/v2\/media\/16243"}],"wp:attachment":[{"href":"https:\/\/tattini.dotstage.net\/fr\/wp-json\/wp\/v2\/media?parent=29897"}],"wp:term":[{"taxonomy":"product_cat","embeddable":true,"href":"https:\/\/tattini.dotstage.net\/fr\/wp-json\/wp\/v2\/product_cat?post=29897"},{"taxonomy":"product_tag","embeddable":true,"href":"https:\/\/tattini.dotstage.net\/fr\/wp-json\/wp\/v2\/product_tag?post=29897"}],"curies":[{"name":"wp","href":"https:\/\/api.w.org\/{rel}","templated":true}]}}