{"id":29879,"date":"2023-10-31T10:39:48","date_gmt":"2023-10-31T10:39:48","guid":{"rendered":"https:\/\/tattini.dotstage.net\/prodotto\/daslo-garniture-pour-4-roues\/"},"modified":"2024-02-02T16:37:30","modified_gmt":"2024-02-02T16:37:30","slug":"daslo-harnais-pour-voiture-4-roues","status":"publish","type":"product","link":"https:\/\/tattini.dotstage.net\/fr\/produit\/daslo-harnais-pour-voiture-4-roues\/","title":{"rendered":"Daslo harnais pour voiture 4 roues"},"content":{"rendered":"","protected":false},"excerpt":{"rendered":"<p>Avec collier de chasse galb\u00e9 et rembourr\u00e9e, renforc\u00e9e en nylon, bouclerie en acier sur la couleur noir et en laiton, avec ardillon en acier, sur la couleur marron. Livr\u00e9 avec \u00e9tui en toile.<\/p>\n","protected":false},"featured_media":16018,"template":"","meta":[],"product_cat":[861,873],"product_tag":[],"_links":{"self":[{"href":"https:\/\/tattini.dotstage.net\/fr\/wp-json\/wp\/v2\/product\/29879"}],"collection":[{"href":"https:\/\/tattini.dotstage.net\/fr\/wp-json\/wp\/v2\/product"}],"about":[{"href":"https:\/\/tattini.dotstage.net\/fr\/wp-json\/wp\/v2\/types\/product"}],"version-history":[{"count":0,"href":"https:\/\/tattini.dotstage.net\/fr\/wp-json\/wp\/v2\/product\/29879\/revisions"}],"wp:featuredmedia":[{"embeddable":true,"href":"https:\/\/tattini.dotstage.net\/fr\/wp-json\/wp\/v2\/media\/16018"}],"wp:attachment":[{"href":"https:\/\/tattini.dotstage.net\/fr\/wp-json\/wp\/v2\/media?parent=29879"}],"wp:term":[{"taxonomy":"product_cat","embeddable":true,"href":"https:\/\/tattini.dotstage.net\/fr\/wp-json\/wp\/v2\/product_cat?post=29879"},{"taxonomy":"product_tag","embeddable":true,"href":"https:\/\/tattini.dotstage.net\/fr\/wp-json\/wp\/v2\/product_tag?post=29879"}],"curies":[{"name":"wp","href":"https:\/\/api.w.org\/{rel}","templated":true}]}}