{"id":29827,"date":"2023-10-31T10:41:00","date_gmt":"2023-10-31T10:41:00","guid":{"rendered":"https:\/\/tattini.dotstage.net\/prodotto\/couverture-en-coton-tattini-avec-torches\/"},"modified":"2024-02-02T16:36:50","modified_gmt":"2024-02-02T16:36:50","slug":"couverture-coton-tattini-avec-soufflets-daisance","status":"publish","type":"product","link":"https:\/\/tattini.dotstage.net\/fr\/produit\/couverture-coton-tattini-avec-soufflets-daisance\/","title":{"rendered":"Couverture coton Tattini avec soufflets d&rsquo;aisance"},"content":{"rendered":"","protected":false},"excerpt":{"rendered":"<p>En coton unie d\u2019excellente qualit\u00e9 id\u00e9alepour la saison chaude. Soufflets d\u2019aisance,sursangles crois\u00e9es contrast\u00e9es, courroies decuisses, deux fermetures de poitrail \u00e0 doubler\u00e9glage avec bouclerie et anneaux en D.D\u00e9coration insigne Tattini brod\u00e9e contrast\u00e9e.<\/p>\n","protected":false},"featured_media":16402,"template":"","meta":[],"product_cat":[867,861],"product_tag":[],"_links":{"self":[{"href":"https:\/\/tattini.dotstage.net\/fr\/wp-json\/wp\/v2\/product\/29827"}],"collection":[{"href":"https:\/\/tattini.dotstage.net\/fr\/wp-json\/wp\/v2\/product"}],"about":[{"href":"https:\/\/tattini.dotstage.net\/fr\/wp-json\/wp\/v2\/types\/product"}],"version-history":[{"count":0,"href":"https:\/\/tattini.dotstage.net\/fr\/wp-json\/wp\/v2\/product\/29827\/revisions"}],"wp:featuredmedia":[{"embeddable":true,"href":"https:\/\/tattini.dotstage.net\/fr\/wp-json\/wp\/v2\/media\/16402"}],"wp:attachment":[{"href":"https:\/\/tattini.dotstage.net\/fr\/wp-json\/wp\/v2\/media?parent=29827"}],"wp:term":[{"taxonomy":"product_cat","embeddable":true,"href":"https:\/\/tattini.dotstage.net\/fr\/wp-json\/wp\/v2\/product_cat?post=29827"},{"taxonomy":"product_tag","embeddable":true,"href":"https:\/\/tattini.dotstage.net\/fr\/wp-json\/wp\/v2\/product_tag?post=29827"}],"curies":[{"name":"wp","href":"https:\/\/api.w.org\/{rel}","templated":true}]}}