{"id":29770,"date":"2023-10-31T10:40:28","date_gmt":"2023-10-31T10:40:28","guid":{"rendered":"https:\/\/tattini.dotstage.net\/prodotto\/pantalon-a-pinces-kenzia-pour-femmes-tattini\/"},"modified":"2024-02-02T16:37:22","modified_gmt":"2024-02-02T16:37:22","slug":"culottes-tattini-femme-kenzia-full-grip","status":"publish","type":"product","link":"https:\/\/tattini.dotstage.net\/fr\/produit\/culottes-tattini-femme-kenzia-full-grip\/","title":{"rendered":"Culottes Tattini femme Kenzia full grip"},"content":{"rendered":"","protected":false},"excerpt":{"rendered":"<p>Mod\u00e8le avec poches avant \u00e0 l\u2019am\u00e9ricaine, coupe arri\u00e8re \u00e0 fond anatomique avec antid\u00e9rapante en silicone. En tissu microfibre l\u00e9ger, souple et confortable 60% coton, 31% nylon, 9% \u00e9lasthanne, poids 320 gr. Pourvues d\u2019insert \u00e9lastique \u00e0 la cheville et personnalis\u00e9es avec broderie Tattini le long du cot\u00e9 gauche.<\/p>\n","protected":false},"featured_media":16240,"template":"","meta":[],"product_cat":[828,846,771],"product_tag":[],"_links":{"self":[{"href":"https:\/\/tattini.dotstage.net\/fr\/wp-json\/wp\/v2\/product\/29770"}],"collection":[{"href":"https:\/\/tattini.dotstage.net\/fr\/wp-json\/wp\/v2\/product"}],"about":[{"href":"https:\/\/tattini.dotstage.net\/fr\/wp-json\/wp\/v2\/types\/product"}],"version-history":[{"count":0,"href":"https:\/\/tattini.dotstage.net\/fr\/wp-json\/wp\/v2\/product\/29770\/revisions"}],"wp:featuredmedia":[{"embeddable":true,"href":"https:\/\/tattini.dotstage.net\/fr\/wp-json\/wp\/v2\/media\/16240"}],"wp:attachment":[{"href":"https:\/\/tattini.dotstage.net\/fr\/wp-json\/wp\/v2\/media?parent=29770"}],"wp:term":[{"taxonomy":"product_cat","embeddable":true,"href":"https:\/\/tattini.dotstage.net\/fr\/wp-json\/wp\/v2\/product_cat?post=29770"},{"taxonomy":"product_tag","embeddable":true,"href":"https:\/\/tattini.dotstage.net\/fr\/wp-json\/wp\/v2\/product_tag?post=29770"}],"curies":[{"name":"wp","href":"https:\/\/api.w.org\/{rel}","templated":true}]}}