{"id":29753,"date":"2023-10-31T10:41:17","date_gmt":"2023-10-31T10:41:17","guid":{"rendered":"https:\/\/tattini.dotstage.net\/prodotto\/economiseur-de-queue-2\/"},"modified":"2024-02-02T16:36:46","modified_gmt":"2024-02-02T16:36:46","slug":"protege-queue-2","status":"publish","type":"product","link":"https:\/\/tattini.dotstage.net\/fr\/produit\/protege-queue-2\/","title":{"rendered":"Prot\u00e8ge-queue"},"content":{"rendered":"","protected":false},"excerpt":{"rendered":"<p>En n\u00e9opr\u00e8ne.<\/p>\n","protected":false},"featured_media":16483,"template":"","meta":[],"product_cat":[870,861],"product_tag":[],"_links":{"self":[{"href":"https:\/\/tattini.dotstage.net\/fr\/wp-json\/wp\/v2\/product\/29753"}],"collection":[{"href":"https:\/\/tattini.dotstage.net\/fr\/wp-json\/wp\/v2\/product"}],"about":[{"href":"https:\/\/tattini.dotstage.net\/fr\/wp-json\/wp\/v2\/types\/product"}],"version-history":[{"count":0,"href":"https:\/\/tattini.dotstage.net\/fr\/wp-json\/wp\/v2\/product\/29753\/revisions"}],"wp:featuredmedia":[{"embeddable":true,"href":"https:\/\/tattini.dotstage.net\/fr\/wp-json\/wp\/v2\/media\/16483"}],"wp:attachment":[{"href":"https:\/\/tattini.dotstage.net\/fr\/wp-json\/wp\/v2\/media?parent=29753"}],"wp:term":[{"taxonomy":"product_cat","embeddable":true,"href":"https:\/\/tattini.dotstage.net\/fr\/wp-json\/wp\/v2\/product_cat?post=29753"},{"taxonomy":"product_tag","embeddable":true,"href":"https:\/\/tattini.dotstage.net\/fr\/wp-json\/wp\/v2\/product_tag?post=29753"}],"curies":[{"name":"wp","href":"https:\/\/api.w.org\/{rel}","templated":true}]}}