{"id":29673,"date":"2023-10-31T10:41:02","date_gmt":"2023-10-31T10:41:02","guid":{"rendered":"https:\/\/tattini.dotstage.net\/prodotto\/couverture-de-paddock-dete-tattini\/"},"modified":"2024-02-02T16:36:50","modified_gmt":"2024-02-02T16:36:50","slug":"couverture-de-paddock-tattini-dete","status":"publish","type":"product","link":"https:\/\/tattini.dotstage.net\/fr\/produit\/couverture-de-paddock-tattini-dete\/","title":{"rendered":"Couverture de paddock Tattini d&rsquo;ete"},"content":{"rendered":"","protected":false},"excerpt":{"rendered":"<p>En nylon rip-stop 600D, imperm\u00e9able et respirant, non doubl\u00e9e. Double r\u00e9glage avec anneaux en D et mousquetons. Broderie contrast\u00e9e du logo Tattini.<\/p>\n","protected":false},"featured_media":16411,"template":"","meta":[],"product_cat":[867,861],"product_tag":[],"_links":{"self":[{"href":"https:\/\/tattini.dotstage.net\/fr\/wp-json\/wp\/v2\/product\/29673"}],"collection":[{"href":"https:\/\/tattini.dotstage.net\/fr\/wp-json\/wp\/v2\/product"}],"about":[{"href":"https:\/\/tattini.dotstage.net\/fr\/wp-json\/wp\/v2\/types\/product"}],"version-history":[{"count":0,"href":"https:\/\/tattini.dotstage.net\/fr\/wp-json\/wp\/v2\/product\/29673\/revisions"}],"wp:featuredmedia":[{"embeddable":true,"href":"https:\/\/tattini.dotstage.net\/fr\/wp-json\/wp\/v2\/media\/16411"}],"wp:attachment":[{"href":"https:\/\/tattini.dotstage.net\/fr\/wp-json\/wp\/v2\/media?parent=29673"}],"wp:term":[{"taxonomy":"product_cat","embeddable":true,"href":"https:\/\/tattini.dotstage.net\/fr\/wp-json\/wp\/v2\/product_cat?post=29673"},{"taxonomy":"product_tag","embeddable":true,"href":"https:\/\/tattini.dotstage.net\/fr\/wp-json\/wp\/v2\/product_tag?post=29673"}],"curies":[{"name":"wp","href":"https:\/\/api.w.org\/{rel}","templated":true}]}}