{"id":29524,"date":"2023-10-31T10:41:02","date_gmt":"2023-10-31T10:41:02","guid":{"rendered":"https:\/\/tattini.dotstage.net\/prodotto\/couverture-a-col-montant-en-polaire-tattini\/"},"modified":"2024-02-02T16:36:49","modified_gmt":"2024-02-02T16:36:49","slug":"couverture-a-col-montant-en-polaire-tattini","status":"publish","type":"product","link":"https:\/\/tattini.dotstage.net\/fr\/produit\/couverture-a-col-montant-en-polaire-tattini\/","title":{"rendered":"Couverture \u00e0 col montant en polaire Tattini"},"content":{"rendered":"","protected":false},"excerpt":{"rendered":"<p>Pour la marche, en polaire douce et chaude \u00ab\u00a0anti-boulochage\u00a0\u00bb, profil\u00e9e avec un cordon tricolore contrast\u00e9. Dot\u00e9 d&rsquo;une fermeture frontale \u00e0 crochet en T, personnalis\u00e9 avec le badge Tattini\u00a0\u00bb.<\/p>\n","protected":false},"featured_media":16408,"template":"","meta":[],"product_cat":[867,861],"product_tag":[],"_links":{"self":[{"href":"https:\/\/tattini.dotstage.net\/fr\/wp-json\/wp\/v2\/product\/29524"}],"collection":[{"href":"https:\/\/tattini.dotstage.net\/fr\/wp-json\/wp\/v2\/product"}],"about":[{"href":"https:\/\/tattini.dotstage.net\/fr\/wp-json\/wp\/v2\/types\/product"}],"version-history":[{"count":0,"href":"https:\/\/tattini.dotstage.net\/fr\/wp-json\/wp\/v2\/product\/29524\/revisions"}],"wp:featuredmedia":[{"embeddable":true,"href":"https:\/\/tattini.dotstage.net\/fr\/wp-json\/wp\/v2\/media\/16408"}],"wp:attachment":[{"href":"https:\/\/tattini.dotstage.net\/fr\/wp-json\/wp\/v2\/media?parent=29524"}],"wp:term":[{"taxonomy":"product_cat","embeddable":true,"href":"https:\/\/tattini.dotstage.net\/fr\/wp-json\/wp\/v2\/product_cat?post=29524"},{"taxonomy":"product_tag","embeddable":true,"href":"https:\/\/tattini.dotstage.net\/fr\/wp-json\/wp\/v2\/product_tag?post=29524"}],"curies":[{"name":"wp","href":"https:\/\/api.w.org\/{rel}","templated":true}]}}