{"id":29400,"date":"2023-10-31T10:40:30","date_gmt":"2023-10-31T10:40:30","guid":{"rendered":"https:\/\/tattini.dotstage.net\/prodotto\/pantalon-pour-dames-daslo-avec-adherence-4-saisons\/"},"modified":"2024-02-02T16:37:21","modified_gmt":"2024-02-02T16:37:21","slug":"pantalons-femme-daslo-4-saisons","status":"publish","type":"product","link":"https:\/\/tattini.dotstage.net\/fr\/produit\/pantalons-femme-daslo-4-saisons\/","title":{"rendered":"Pantalons femme Dasl\u00f6 4 saisons"},"content":{"rendered":"","protected":false},"excerpt":{"rendered":"<p>En jersey de coton stretch (95% coton et 5% \u00e9lasthanne), poids 300 gr., id\u00e9als pour les 4 saisons. Ligne pr\u00e8s du corps avec basanes antid\u00e9rapantes en silicone. Insert \u00e9lastique \u00e0 la cheville.<\/p>\n","protected":false},"featured_media":16249,"template":"","meta":[],"product_cat":[828,846,771],"product_tag":[],"_links":{"self":[{"href":"https:\/\/tattini.dotstage.net\/fr\/wp-json\/wp\/v2\/product\/29400"}],"collection":[{"href":"https:\/\/tattini.dotstage.net\/fr\/wp-json\/wp\/v2\/product"}],"about":[{"href":"https:\/\/tattini.dotstage.net\/fr\/wp-json\/wp\/v2\/types\/product"}],"version-history":[{"count":0,"href":"https:\/\/tattini.dotstage.net\/fr\/wp-json\/wp\/v2\/product\/29400\/revisions"}],"wp:featuredmedia":[{"embeddable":true,"href":"https:\/\/tattini.dotstage.net\/fr\/wp-json\/wp\/v2\/media\/16249"}],"wp:attachment":[{"href":"https:\/\/tattini.dotstage.net\/fr\/wp-json\/wp\/v2\/media?parent=29400"}],"wp:term":[{"taxonomy":"product_cat","embeddable":true,"href":"https:\/\/tattini.dotstage.net\/fr\/wp-json\/wp\/v2\/product_cat?post=29400"},{"taxonomy":"product_tag","embeddable":true,"href":"https:\/\/tattini.dotstage.net\/fr\/wp-json\/wp\/v2\/product_tag?post=29400"}],"curies":[{"name":"wp","href":"https:\/\/api.w.org\/{rel}","templated":true}]}}