{"id":29255,"date":"2023-10-31T10:40:46","date_gmt":"2023-10-31T10:40:46","guid":{"rendered":"https:\/\/tattini.dotstage.net\/prodotto\/pantalon-imprime-et-a-strass-pour-fille-daslo\/"},"modified":"2024-02-02T16:36:53","modified_gmt":"2024-02-02T16:36:53","slug":"pantalons-daslo-enfant-a-motifs-equestres-et-strass","status":"publish","type":"product","link":"https:\/\/tattini.dotstage.net\/fr\/produit\/pantalons-daslo-enfant-a-motifs-equestres-et-strass\/","title":{"rendered":"PANTALONS DASL\u00d6 ENFANT \u00c0 MOTIFS \u00c9QUESTRES ET STRASS"},"content":{"rendered":"","protected":false},"excerpt":{"rendered":"<p>En jersey de coton stretch (95% coton et 5% \u00e9lasthanne) avec un imprim\u00e9 motif \u00e9questre et des d\u00e9corations en strass sur les poches avant et arri\u00e8re. Poids 300gr. id\u00e9al pour les 4 saisons. Ajustement serr\u00e9 avec basanes en silicone antid\u00e9rapante. Insert triangulaire \u00e9lastique \u00e0 la cheville. Couleur: bleu (09) &#8211; rose (11) Taille: 4 &#8211; 6 &#8211; 8 &#8211; 10 ans<\/p>\n","protected":false},"featured_media":16333,"template":"","meta":[],"product_cat":[828,846,771],"product_tag":[],"_links":{"self":[{"href":"https:\/\/tattini.dotstage.net\/fr\/wp-json\/wp\/v2\/product\/29255"}],"collection":[{"href":"https:\/\/tattini.dotstage.net\/fr\/wp-json\/wp\/v2\/product"}],"about":[{"href":"https:\/\/tattini.dotstage.net\/fr\/wp-json\/wp\/v2\/types\/product"}],"version-history":[{"count":0,"href":"https:\/\/tattini.dotstage.net\/fr\/wp-json\/wp\/v2\/product\/29255\/revisions"}],"wp:featuredmedia":[{"embeddable":true,"href":"https:\/\/tattini.dotstage.net\/fr\/wp-json\/wp\/v2\/media\/16333"}],"wp:attachment":[{"href":"https:\/\/tattini.dotstage.net\/fr\/wp-json\/wp\/v2\/media?parent=29255"}],"wp:term":[{"taxonomy":"product_cat","embeddable":true,"href":"https:\/\/tattini.dotstage.net\/fr\/wp-json\/wp\/v2\/product_cat?post=29255"},{"taxonomy":"product_tag","embeddable":true,"href":"https:\/\/tattini.dotstage.net\/fr\/wp-json\/wp\/v2\/product_tag?post=29255"}],"curies":[{"name":"wp","href":"https:\/\/api.w.org\/{rel}","templated":true}]}}