{"id":29139,"date":"2023-10-31T10:40:46","date_gmt":"2023-10-31T10:40:46","guid":{"rendered":"https:\/\/tattini.dotstage.net\/prodotto\/pantalon-integral-azalea-pour-femmes-tattini\/"},"modified":"2024-02-02T16:36:53","modified_gmt":"2024-02-02T16:36:53","slug":"culottes-tattini-femme-azalea","status":"publish","type":"product","link":"https:\/\/tattini.dotstage.net\/fr\/produit\/culottes-tattini-femme-azalea\/","title":{"rendered":"CULOTTES TATTINI FEMME AZALEA"},"content":{"rendered":"","protected":false},"excerpt":{"rendered":"<p>En tissu technique micro-nylon \u00e9lastique (87% micronylon, 13% \u00e9lasthanne), souple, l\u00e9ger et tr\u00e8s confortable. Coupe arri\u00e8re anatomique avec fond-de-peau antid\u00e9rapant en silicone, passepoils en similicuir sur les poches arri\u00e8re, poches avant \u00e0 l\u2019am\u00e9ricaine, fausses poches arri\u00e8re \u00e0 rabat et bouton, insert \u00e9lastique \u00e0 la cheville. Couleur: bleu avec coutures ton sur ton (09) noir avec coutures bordeaux (10) Taille: du 38 au 48<\/p>\n","protected":false},"featured_media":16330,"template":"","meta":[],"product_cat":[828,846,771],"product_tag":[],"_links":{"self":[{"href":"https:\/\/tattini.dotstage.net\/fr\/wp-json\/wp\/v2\/product\/29139"}],"collection":[{"href":"https:\/\/tattini.dotstage.net\/fr\/wp-json\/wp\/v2\/product"}],"about":[{"href":"https:\/\/tattini.dotstage.net\/fr\/wp-json\/wp\/v2\/types\/product"}],"version-history":[{"count":0,"href":"https:\/\/tattini.dotstage.net\/fr\/wp-json\/wp\/v2\/product\/29139\/revisions"}],"wp:featuredmedia":[{"embeddable":true,"href":"https:\/\/tattini.dotstage.net\/fr\/wp-json\/wp\/v2\/media\/16330"}],"wp:attachment":[{"href":"https:\/\/tattini.dotstage.net\/fr\/wp-json\/wp\/v2\/media?parent=29139"}],"wp:term":[{"taxonomy":"product_cat","embeddable":true,"href":"https:\/\/tattini.dotstage.net\/fr\/wp-json\/wp\/v2\/product_cat?post=29139"},{"taxonomy":"product_tag","embeddable":true,"href":"https:\/\/tattini.dotstage.net\/fr\/wp-json\/wp\/v2\/product_tag?post=29139"}],"curies":[{"name":"wp","href":"https:\/\/api.w.org\/{rel}","templated":true}]}}