{"id":29084,"date":"2023-10-31T10:41:19","date_gmt":"2023-10-31T10:41:19","guid":{"rendered":"https:\/\/tattini.dotstage.net\/prodotto\/couverture-en-maille\/"},"modified":"2024-02-02T16:36:46","modified_gmt":"2024-02-02T16:36:46","slug":"couvre-mouseau-en-resille","status":"publish","type":"product","link":"https:\/\/tattini.dotstage.net\/fr\/produit\/couvre-mouseau-en-resille\/","title":{"rendered":"Couvre mouseau en resille"},"content":{"rendered":"","protected":false},"excerpt":{"rendered":"<p>A appliquer \u00e0 la t\u00eati\u00e8re<\/p>\n","protected":false},"featured_media":16489,"template":"","meta":[],"product_cat":[876,882],"product_tag":[],"_links":{"self":[{"href":"https:\/\/tattini.dotstage.net\/fr\/wp-json\/wp\/v2\/product\/29084"}],"collection":[{"href":"https:\/\/tattini.dotstage.net\/fr\/wp-json\/wp\/v2\/product"}],"about":[{"href":"https:\/\/tattini.dotstage.net\/fr\/wp-json\/wp\/v2\/types\/product"}],"version-history":[{"count":0,"href":"https:\/\/tattini.dotstage.net\/fr\/wp-json\/wp\/v2\/product\/29084\/revisions"}],"wp:featuredmedia":[{"embeddable":true,"href":"https:\/\/tattini.dotstage.net\/fr\/wp-json\/wp\/v2\/media\/16489"}],"wp:attachment":[{"href":"https:\/\/tattini.dotstage.net\/fr\/wp-json\/wp\/v2\/media?parent=29084"}],"wp:term":[{"taxonomy":"product_cat","embeddable":true,"href":"https:\/\/tattini.dotstage.net\/fr\/wp-json\/wp\/v2\/product_cat?post=29084"},{"taxonomy":"product_tag","embeddable":true,"href":"https:\/\/tattini.dotstage.net\/fr\/wp-json\/wp\/v2\/product_tag?post=29084"}],"curies":[{"name":"wp","href":"https:\/\/api.w.org\/{rel}","templated":true}]}}