{"id":29009,"date":"2023-10-31T10:40:48","date_gmt":"2023-10-31T10:40:48","guid":{"rendered":"https:\/\/tattini.dotstage.net\/prodotto\/pantalon-melissa-avec-empiecements-en-faux-cuir\/"},"modified":"2024-02-02T16:36:53","modified_gmt":"2024-02-02T16:36:53","slug":"pantalon-melissa-avec-empiecements-en-faux-cuir","status":"publish","type":"product","link":"https:\/\/tattini.dotstage.net\/fr\/produit\/pantalon-melissa-avec-empiecements-en-faux-cuir\/","title":{"rendered":"Pantalon femme Melissa avec empi\u00e8cements en faux cuir"},"content":{"rendered":"","protected":false},"excerpt":{"rendered":"<p>Tissu technique nylon-spandex, empi\u00e8cements lat\u00e9raux en tissu lamin\u00e9 \u00e9cologique  effet cuir, poches pour t\u00e9l\u00e9phone portable avec fermeture \u00e9clair, empi\u00e8cement en silicone au genou pour une adh\u00e9rence parfaite, empi\u00e8cement \u00e9lastique \u00e0\u00a0 la cheville, ceinture haute avec deux boutons et coupe en queue d&rsquo;aronde dans le dos, passant de ceinture Tattini personnalis\u00e9. <\/p>\n","protected":false},"featured_media":16342,"template":"","meta":[],"product_cat":[828,846,771],"product_tag":[],"_links":{"self":[{"href":"https:\/\/tattini.dotstage.net\/fr\/wp-json\/wp\/v2\/product\/29009"}],"collection":[{"href":"https:\/\/tattini.dotstage.net\/fr\/wp-json\/wp\/v2\/product"}],"about":[{"href":"https:\/\/tattini.dotstage.net\/fr\/wp-json\/wp\/v2\/types\/product"}],"version-history":[{"count":0,"href":"https:\/\/tattini.dotstage.net\/fr\/wp-json\/wp\/v2\/product\/29009\/revisions"}],"wp:featuredmedia":[{"embeddable":true,"href":"https:\/\/tattini.dotstage.net\/fr\/wp-json\/wp\/v2\/media\/16342"}],"wp:attachment":[{"href":"https:\/\/tattini.dotstage.net\/fr\/wp-json\/wp\/v2\/media?parent=29009"}],"wp:term":[{"taxonomy":"product_cat","embeddable":true,"href":"https:\/\/tattini.dotstage.net\/fr\/wp-json\/wp\/v2\/product_cat?post=29009"},{"taxonomy":"product_tag","embeddable":true,"href":"https:\/\/tattini.dotstage.net\/fr\/wp-json\/wp\/v2\/product_tag?post=29009"}],"curies":[{"name":"wp","href":"https:\/\/api.w.org\/{rel}","templated":true}]}}