{"id":28972,"date":"2023-10-31T10:40:32","date_gmt":"2023-10-31T10:40:32","guid":{"rendered":"https:\/\/tattini.dotstage.net\/prodotto\/pantalon-pour-enfants-daslo-avec-poignee-4-saisons\/"},"modified":"2024-02-02T16:37:20","modified_gmt":"2024-02-02T16:37:20","slug":"pantalons-daslo-enfant-4-saisons","status":"publish","type":"product","link":"https:\/\/tattini.dotstage.net\/fr\/produit\/pantalons-daslo-enfant-4-saisons\/","title":{"rendered":"Pantalons Dasl\u00f6 enfant 4 saisons"},"content":{"rendered":"","protected":false},"excerpt":{"rendered":"<p>En jersey de coton stretch (95% coton et 5% \u00e9lasthanne), poids 300 gr., id\u00e9als pour les 4 saisons. Ligne pr\u00e8s du corps avec basanes antid\u00e9rapantes en silicone. Insert \u00e9lastique \u00e0 la cheville.<\/p>\n","protected":false},"featured_media":16258,"template":"","meta":[],"product_cat":[828,846,771],"product_tag":[],"_links":{"self":[{"href":"https:\/\/tattini.dotstage.net\/fr\/wp-json\/wp\/v2\/product\/28972"}],"collection":[{"href":"https:\/\/tattini.dotstage.net\/fr\/wp-json\/wp\/v2\/product"}],"about":[{"href":"https:\/\/tattini.dotstage.net\/fr\/wp-json\/wp\/v2\/types\/product"}],"version-history":[{"count":0,"href":"https:\/\/tattini.dotstage.net\/fr\/wp-json\/wp\/v2\/product\/28972\/revisions"}],"wp:featuredmedia":[{"embeddable":true,"href":"https:\/\/tattini.dotstage.net\/fr\/wp-json\/wp\/v2\/media\/16258"}],"wp:attachment":[{"href":"https:\/\/tattini.dotstage.net\/fr\/wp-json\/wp\/v2\/media?parent=28972"}],"wp:term":[{"taxonomy":"product_cat","embeddable":true,"href":"https:\/\/tattini.dotstage.net\/fr\/wp-json\/wp\/v2\/product_cat?post=28972"},{"taxonomy":"product_tag","embeddable":true,"href":"https:\/\/tattini.dotstage.net\/fr\/wp-json\/wp\/v2\/product_tag?post=28972"}],"curies":[{"name":"wp","href":"https:\/\/api.w.org\/{rel}","templated":true}]}}