{"id":28882,"date":"2023-10-31T10:40:48","date_gmt":"2023-10-31T10:40:48","guid":{"rendered":"https:\/\/tattini.dotstage.net\/prodotto\/leggings-pour-fille-tattini-fresia\/"},"modified":"2024-02-02T16:36:53","modified_gmt":"2024-02-02T16:36:53","slug":"leggings-tattini-fresia-fille","status":"publish","type":"product","link":"https:\/\/tattini.dotstage.net\/fr\/produit\/leggings-tattini-fresia-fille\/","title":{"rendered":"LEGGINGS TATTINI FRESIA FILLE"},"content":{"rendered":"","protected":false},"excerpt":{"rendered":"<p>bande \u00e9lastique \u00e0 la taille avec double ligne en lurex;  tissu technique l\u00e9ger et souple, 4-way stretch; coupe anatomique;  poche super pratique pour t\u00e9l\u00e9phone portable;  basane antid\u00e9rapant en silicone aux genoux;  tissu stretch en maille \u00e0 la cheville<\/p>\n","protected":false},"featured_media":16339,"template":"","meta":[],"product_cat":[828,846,771],"product_tag":[],"_links":{"self":[{"href":"https:\/\/tattini.dotstage.net\/fr\/wp-json\/wp\/v2\/product\/28882"}],"collection":[{"href":"https:\/\/tattini.dotstage.net\/fr\/wp-json\/wp\/v2\/product"}],"about":[{"href":"https:\/\/tattini.dotstage.net\/fr\/wp-json\/wp\/v2\/types\/product"}],"version-history":[{"count":0,"href":"https:\/\/tattini.dotstage.net\/fr\/wp-json\/wp\/v2\/product\/28882\/revisions"}],"wp:featuredmedia":[{"embeddable":true,"href":"https:\/\/tattini.dotstage.net\/fr\/wp-json\/wp\/v2\/media\/16339"}],"wp:attachment":[{"href":"https:\/\/tattini.dotstage.net\/fr\/wp-json\/wp\/v2\/media?parent=28882"}],"wp:term":[{"taxonomy":"product_cat","embeddable":true,"href":"https:\/\/tattini.dotstage.net\/fr\/wp-json\/wp\/v2\/product_cat?post=28882"},{"taxonomy":"product_tag","embeddable":true,"href":"https:\/\/tattini.dotstage.net\/fr\/wp-json\/wp\/v2\/product_tag?post=28882"}],"curies":[{"name":"wp","href":"https:\/\/api.w.org\/{rel}","templated":true}]}}