{"id":28859,"date":"2023-10-31T10:40:33","date_gmt":"2023-10-31T10:40:33","guid":{"rendered":"https:\/\/tattini.dotstage.net\/prodotto\/pantalon-tattini-pour-homme-olmo\/"},"modified":"2024-02-02T16:37:20","modified_gmt":"2024-02-02T16:37:20","slug":"culottes-tattini-homme-olmo","status":"publish","type":"product","link":"https:\/\/tattini.dotstage.net\/fr\/produit\/culottes-tattini-homme-olmo\/","title":{"rendered":"Culottes Tattini homme Olmo"},"content":{"rendered":"","protected":false},"excerpt":{"rendered":"<p>Ligne adh\u00e9rente avec fond anatomique. Poches arri\u00e8re avec rabat ferm\u00e9 par bouton avec boutonni\u00e8re, double boucle de ceinture arri\u00e8re. En tissu technique, 25% microfibre, 67% coton, 8% \u00e9lasthanne, avec anti-d\u00e9rapant en silicone. Personnalis\u00e9es par un \u00e9cusson Tattini sur la poche arri\u00e8re gauche. Insertion \u00e9lastique \u00e0 la cheville.<\/p>\n","protected":false},"featured_media":16267,"template":"","meta":[],"product_cat":[828,846,771],"product_tag":[],"_links":{"self":[{"href":"https:\/\/tattini.dotstage.net\/fr\/wp-json\/wp\/v2\/product\/28859"}],"collection":[{"href":"https:\/\/tattini.dotstage.net\/fr\/wp-json\/wp\/v2\/product"}],"about":[{"href":"https:\/\/tattini.dotstage.net\/fr\/wp-json\/wp\/v2\/types\/product"}],"version-history":[{"count":0,"href":"https:\/\/tattini.dotstage.net\/fr\/wp-json\/wp\/v2\/product\/28859\/revisions"}],"wp:featuredmedia":[{"embeddable":true,"href":"https:\/\/tattini.dotstage.net\/fr\/wp-json\/wp\/v2\/media\/16267"}],"wp:attachment":[{"href":"https:\/\/tattini.dotstage.net\/fr\/wp-json\/wp\/v2\/media?parent=28859"}],"wp:term":[{"taxonomy":"product_cat","embeddable":true,"href":"https:\/\/tattini.dotstage.net\/fr\/wp-json\/wp\/v2\/product_cat?post=28859"},{"taxonomy":"product_tag","embeddable":true,"href":"https:\/\/tattini.dotstage.net\/fr\/wp-json\/wp\/v2\/product_tag?post=28859"}],"curies":[{"name":"wp","href":"https:\/\/api.w.org\/{rel}","templated":true}]}}