{"id":28798,"date":"2023-10-31T10:41:05","date_gmt":"2023-10-31T10:41:05","guid":{"rendered":"https:\/\/tattini.dotstage.net\/prodotto\/couverture-decurie-tattini-avec-collier-en-peau-dagneau-synthetique\/"},"modified":"2024-02-02T16:36:48","modified_gmt":"2024-02-02T16:36:48","slug":"couverture-de-box-tattini-avec-couvre-cou-en-mouton-synthetique","status":"publish","type":"product","link":"https:\/\/tattini.dotstage.net\/fr\/produit\/couverture-de-box-tattini-avec-couvre-cou-en-mouton-synthetique\/","title":{"rendered":"Couverture de box Tattini avec couvre-cou en mouton synth\u00e9tique"},"content":{"rendered":"","protected":false},"excerpt":{"rendered":"<p>Surpiq\u00fbre horizontale, tissu polyester 420D, matelassure polyfill 330 gr.. Pourvue de rabat de queue, couvre cou enveloppant en mouton synth\u00e9tique moelleux avec protection de garrot, hauts soufflets d\u2019aisance, deux courroies de fermeture avant avec mousqueton, anneaux en D, boucles et renfort velcro suppl\u00e9mentaire entre les courroies. Sangles crois\u00e9es avec insertion \u00e9lastique int\u00e9rieure proche de l\u2019agrafe en T, personnalis\u00e9es avec passepoils assortis; courroies \u00e9lastiques de cuisses avec mousquetons, et possibilit\u00e9 d\u2019ins\u00e9rer le couvre-cou amovible (pas inclus). D\u00e9cor\u00e9e avec logo Tattini.<\/p>\n","protected":false},"featured_media":16423,"template":"","meta":[],"product_cat":[867,861],"product_tag":[],"_links":{"self":[{"href":"https:\/\/tattini.dotstage.net\/fr\/wp-json\/wp\/v2\/product\/28798"}],"collection":[{"href":"https:\/\/tattini.dotstage.net\/fr\/wp-json\/wp\/v2\/product"}],"about":[{"href":"https:\/\/tattini.dotstage.net\/fr\/wp-json\/wp\/v2\/types\/product"}],"version-history":[{"count":0,"href":"https:\/\/tattini.dotstage.net\/fr\/wp-json\/wp\/v2\/product\/28798\/revisions"}],"wp:featuredmedia":[{"embeddable":true,"href":"https:\/\/tattini.dotstage.net\/fr\/wp-json\/wp\/v2\/media\/16423"}],"wp:attachment":[{"href":"https:\/\/tattini.dotstage.net\/fr\/wp-json\/wp\/v2\/media?parent=28798"}],"wp:term":[{"taxonomy":"product_cat","embeddable":true,"href":"https:\/\/tattini.dotstage.net\/fr\/wp-json\/wp\/v2\/product_cat?post=28798"},{"taxonomy":"product_tag","embeddable":true,"href":"https:\/\/tattini.dotstage.net\/fr\/wp-json\/wp\/v2\/product_tag?post=28798"}],"curies":[{"name":"wp","href":"https:\/\/api.w.org\/{rel}","templated":true}]}}