{"id":28771,"date":"2023-10-31T10:40:49","date_gmt":"2023-10-31T10:40:49","guid":{"rendered":"https:\/\/tattini.dotstage.net\/prodotto\/leggings-pour-femmes-tattini-calla\/"},"modified":"2024-02-02T16:36:52","modified_gmt":"2024-02-02T16:36:52","slug":"leggings-pour-femmes-tattini-calla","status":"publish","type":"product","link":"https:\/\/tattini.dotstage.net\/fr\/produit\/leggings-pour-femmes-tattini-calla\/","title":{"rendered":"Leggings fille Tattini Calla"},"content":{"rendered":"","protected":false},"excerpt":{"rendered":"<p>Tissu technique extensible, poche frontale confortable avec d\u00e9coration en lurex et logo, ceinture \u00e9lastiqu\u00e9e, coupe anatomique dans le dos, insert en silicone au genou pour une parfaite adh\u00e9rence.<\/p>\n","protected":false},"featured_media":16348,"template":"","meta":[],"product_cat":[828,846,771],"product_tag":[],"_links":{"self":[{"href":"https:\/\/tattini.dotstage.net\/fr\/wp-json\/wp\/v2\/product\/28771"}],"collection":[{"href":"https:\/\/tattini.dotstage.net\/fr\/wp-json\/wp\/v2\/product"}],"about":[{"href":"https:\/\/tattini.dotstage.net\/fr\/wp-json\/wp\/v2\/types\/product"}],"version-history":[{"count":0,"href":"https:\/\/tattini.dotstage.net\/fr\/wp-json\/wp\/v2\/product\/28771\/revisions"}],"wp:featuredmedia":[{"embeddable":true,"href":"https:\/\/tattini.dotstage.net\/fr\/wp-json\/wp\/v2\/media\/16348"}],"wp:attachment":[{"href":"https:\/\/tattini.dotstage.net\/fr\/wp-json\/wp\/v2\/media?parent=28771"}],"wp:term":[{"taxonomy":"product_cat","embeddable":true,"href":"https:\/\/tattini.dotstage.net\/fr\/wp-json\/wp\/v2\/product_cat?post=28771"},{"taxonomy":"product_tag","embeddable":true,"href":"https:\/\/tattini.dotstage.net\/fr\/wp-json\/wp\/v2\/product_tag?post=28771"}],"curies":[{"name":"wp","href":"https:\/\/api.w.org\/{rel}","templated":true}]}}