{"id":28733,"date":"2023-10-31T10:40:33","date_gmt":"2023-10-31T10:40:33","guid":{"rendered":"https:\/\/tattini.dotstage.net\/prodotto\/pull-on-tattini-femmes-anemone\/"},"modified":"2024-02-02T16:37:20","modified_gmt":"2024-02-02T16:37:20","slug":"pull-on-tattini-femme-anemone","status":"publish","type":"product","link":"https:\/\/tattini.dotstage.net\/fr\/produit\/pull-on-tattini-femme-anemone\/","title":{"rendered":"Pull-on Tattini femme an\u00e9mone"},"content":{"rendered":"","protected":false},"excerpt":{"rendered":"<p>Mod\u00e8le avec coupes anatomiques, design innovant, pullon sans zip, coutures plates, doubles poches avant sur les c\u00f4t\u00e9s, antid\u00e9rapant en silicone au genou. En tissu technique de microfibre \u00e9lastique et tr\u00e8s confortable, 68% nylon, 32% \u00e9lasthanne, 350 g de poids. Pourvues d\u2019insert \u00e9lastique \u00e0 la cheville, personnalis\u00e9es par l\u2019\u00e9criture Tattini en silicone le long de la jambe gauche.<\/p>\n","protected":false},"featured_media":16264,"template":"","meta":[],"product_cat":[828,846,771],"product_tag":[],"_links":{"self":[{"href":"https:\/\/tattini.dotstage.net\/fr\/wp-json\/wp\/v2\/product\/28733"}],"collection":[{"href":"https:\/\/tattini.dotstage.net\/fr\/wp-json\/wp\/v2\/product"}],"about":[{"href":"https:\/\/tattini.dotstage.net\/fr\/wp-json\/wp\/v2\/types\/product"}],"version-history":[{"count":0,"href":"https:\/\/tattini.dotstage.net\/fr\/wp-json\/wp\/v2\/product\/28733\/revisions"}],"wp:featuredmedia":[{"embeddable":true,"href":"https:\/\/tattini.dotstage.net\/fr\/wp-json\/wp\/v2\/media\/16264"}],"wp:attachment":[{"href":"https:\/\/tattini.dotstage.net\/fr\/wp-json\/wp\/v2\/media?parent=28733"}],"wp:term":[{"taxonomy":"product_cat","embeddable":true,"href":"https:\/\/tattini.dotstage.net\/fr\/wp-json\/wp\/v2\/product_cat?post=28733"},{"taxonomy":"product_tag","embeddable":true,"href":"https:\/\/tattini.dotstage.net\/fr\/wp-json\/wp\/v2\/product_tag?post=28733"}],"curies":[{"name":"wp","href":"https:\/\/api.w.org\/{rel}","templated":true}]}}