{"id":28702,"date":"2023-10-31T10:41:21","date_gmt":"2023-10-31T10:41:21","guid":{"rendered":"https:\/\/tattini.dotstage.net\/prodotto\/casquette-en-maille-tattini\/"},"modified":"2024-02-02T16:36:45","modified_gmt":"2024-02-02T16:36:45","slug":"bonnet-tattini-crochete","status":"publish","type":"product","link":"https:\/\/tattini.dotstage.net\/fr\/produit\/bonnet-tattini-crochete\/","title":{"rendered":"Bonnet Tattini crochet\u00e9"},"content":{"rendered":"","protected":false},"excerpt":{"rendered":"<p>En coton 100% crochet\u00e9 avec couvre-oreilles, passementerie contrast\u00e9e. Coloris: blanc avec passementerie bleu ciel (01) &#8211; orange avec passementerie bicolore (33) &#8211; rouge avec passementerie argent (06) &#8211; bleu avec passementerie argent (09) &#8211; bordeaux avec passementerie or (05) &#8211; vert avec passementerie or (07)<\/p>\n","protected":false},"featured_media":16501,"template":"","meta":[],"product_cat":[876,882],"product_tag":[],"_links":{"self":[{"href":"https:\/\/tattini.dotstage.net\/fr\/wp-json\/wp\/v2\/product\/28702"}],"collection":[{"href":"https:\/\/tattini.dotstage.net\/fr\/wp-json\/wp\/v2\/product"}],"about":[{"href":"https:\/\/tattini.dotstage.net\/fr\/wp-json\/wp\/v2\/types\/product"}],"version-history":[{"count":0,"href":"https:\/\/tattini.dotstage.net\/fr\/wp-json\/wp\/v2\/product\/28702\/revisions"}],"wp:featuredmedia":[{"embeddable":true,"href":"https:\/\/tattini.dotstage.net\/fr\/wp-json\/wp\/v2\/media\/16501"}],"wp:attachment":[{"href":"https:\/\/tattini.dotstage.net\/fr\/wp-json\/wp\/v2\/media?parent=28702"}],"wp:term":[{"taxonomy":"product_cat","embeddable":true,"href":"https:\/\/tattini.dotstage.net\/fr\/wp-json\/wp\/v2\/product_cat?post=28702"},{"taxonomy":"product_tag","embeddable":true,"href":"https:\/\/tattini.dotstage.net\/fr\/wp-json\/wp\/v2\/product_tag?post=28702"}],"curies":[{"name":"wp","href":"https:\/\/api.w.org\/{rel}","templated":true}]}}