{"id":28676,"date":"2023-10-31T10:41:06","date_gmt":"2023-10-31T10:41:06","guid":{"rendered":"https:\/\/tattini.dotstage.net\/prodotto\/col-amovible-pour-une-couverture-et-une-couette-stables\/"},"modified":"2024-02-02T16:36:48","modified_gmt":"2024-02-02T16:36:48","slug":"couvre-cou-amovible-pour-couverture-de-box-et-doudoune","status":"publish","type":"product","link":"https:\/\/tattini.dotstage.net\/fr\/produit\/couvre-cou-amovible-pour-couverture-de-box-et-doudoune\/","title":{"rendered":"Couvre-cou amovible pour couverture de box et doudoune"},"content":{"rendered":"","protected":false},"excerpt":{"rendered":"<p>En tissu polyester 420D surpiqu\u00e9 avec matelassure polyfill 330 gr. Pourvu de fermetures velcros, courroies \u00e9lastiques avec mousquetons pour le fixage \u00e0 la couverture 2603599 et \u00e0 la doudoune 2603799.<\/p>\n","protected":false},"featured_media":16432,"template":"","meta":[],"product_cat":[867,861],"product_tag":[],"_links":{"self":[{"href":"https:\/\/tattini.dotstage.net\/fr\/wp-json\/wp\/v2\/product\/28676"}],"collection":[{"href":"https:\/\/tattini.dotstage.net\/fr\/wp-json\/wp\/v2\/product"}],"about":[{"href":"https:\/\/tattini.dotstage.net\/fr\/wp-json\/wp\/v2\/types\/product"}],"version-history":[{"count":0,"href":"https:\/\/tattini.dotstage.net\/fr\/wp-json\/wp\/v2\/product\/28676\/revisions"}],"wp:featuredmedia":[{"embeddable":true,"href":"https:\/\/tattini.dotstage.net\/fr\/wp-json\/wp\/v2\/media\/16432"}],"wp:attachment":[{"href":"https:\/\/tattini.dotstage.net\/fr\/wp-json\/wp\/v2\/media?parent=28676"}],"wp:term":[{"taxonomy":"product_cat","embeddable":true,"href":"https:\/\/tattini.dotstage.net\/fr\/wp-json\/wp\/v2\/product_cat?post=28676"},{"taxonomy":"product_tag","embeddable":true,"href":"https:\/\/tattini.dotstage.net\/fr\/wp-json\/wp\/v2\/product_tag?post=28676"}],"curies":[{"name":"wp","href":"https:\/\/api.w.org\/{rel}","templated":true}]}}