{"id":28625,"date":"2023-10-31T10:40:49","date_gmt":"2023-10-31T10:40:49","guid":{"rendered":"https:\/\/tattini.dotstage.net\/prodotto\/leggings-pour-femmes-tattini-aloe\/"},"modified":"2024-02-02T16:36:52","modified_gmt":"2024-02-02T16:36:52","slug":"leggings-pour-femmes-tattini-aloe","status":"publish","type":"product","link":"https:\/\/tattini.dotstage.net\/fr\/produit\/leggings-pour-femmes-tattini-aloe\/","title":{"rendered":"Leggings femme Tattini Aloe"},"content":{"rendered":"","protected":false},"excerpt":{"rendered":"<p>Tissu technique, l\u00e9ger, doux et extensible dans les 4 sens ; poches confortables pour t\u00e9l\u00e9phone portable, coupes contrast\u00e9es pour affiner la silhouette, taille haute, coupe anatomique dans le dos, insert en silicone au genou pour une adh\u00e9rence parfaite, tissu extensible \u00e0\u00a0 la cheville<\/p>\n","protected":false},"featured_media":16345,"template":"","meta":[],"product_cat":[828,846,771],"product_tag":[],"_links":{"self":[{"href":"https:\/\/tattini.dotstage.net\/fr\/wp-json\/wp\/v2\/product\/28625"}],"collection":[{"href":"https:\/\/tattini.dotstage.net\/fr\/wp-json\/wp\/v2\/product"}],"about":[{"href":"https:\/\/tattini.dotstage.net\/fr\/wp-json\/wp\/v2\/types\/product"}],"version-history":[{"count":0,"href":"https:\/\/tattini.dotstage.net\/fr\/wp-json\/wp\/v2\/product\/28625\/revisions"}],"wp:featuredmedia":[{"embeddable":true,"href":"https:\/\/tattini.dotstage.net\/fr\/wp-json\/wp\/v2\/media\/16345"}],"wp:attachment":[{"href":"https:\/\/tattini.dotstage.net\/fr\/wp-json\/wp\/v2\/media?parent=28625"}],"wp:term":[{"taxonomy":"product_cat","embeddable":true,"href":"https:\/\/tattini.dotstage.net\/fr\/wp-json\/wp\/v2\/product_cat?post=28625"},{"taxonomy":"product_tag","embeddable":true,"href":"https:\/\/tattini.dotstage.net\/fr\/wp-json\/wp\/v2\/product_tag?post=28625"}],"curies":[{"name":"wp","href":"https:\/\/api.w.org\/{rel}","templated":true}]}}