{"id":28576,"date":"2023-10-31T10:40:35","date_gmt":"2023-10-31T10:40:35","guid":{"rendered":"https:\/\/tattini.dotstage.net\/prodotto\/pantalon-pour-dames-tattini-amaranto\/"},"modified":"2024-02-02T16:37:20","modified_gmt":"2024-02-02T16:37:20","slug":"pantalons-dequitation-tattini-femme-amaranto","status":"publish","type":"product","link":"https:\/\/tattini.dotstage.net\/fr\/produit\/pantalons-dequitation-tattini-femme-amaranto\/","title":{"rendered":"Pantalons d&rsquo;equitation Tattini femme amaranto"},"content":{"rendered":"","protected":false},"excerpt":{"rendered":"<p>Mod\u00e8le en micro-nylon souple (87% micro-nylon, 13% \u00e9lasthanne) l\u00e9ger et tr\u00e8s confortable, avec coutures en contraste, poches avant \u00e0 l&rsquo;am\u00e9ricaine, poches arri\u00e8re zipp\u00e9es, fa\u00e7onnage au dos, basanes en silicone aux genoux, insertion \u00e9lastique \u00e0 la cheville.<\/p>\n","protected":false},"featured_media":16273,"template":"","meta":[],"product_cat":[828,846,771],"product_tag":[],"_links":{"self":[{"href":"https:\/\/tattini.dotstage.net\/fr\/wp-json\/wp\/v2\/product\/28576"}],"collection":[{"href":"https:\/\/tattini.dotstage.net\/fr\/wp-json\/wp\/v2\/product"}],"about":[{"href":"https:\/\/tattini.dotstage.net\/fr\/wp-json\/wp\/v2\/types\/product"}],"version-history":[{"count":0,"href":"https:\/\/tattini.dotstage.net\/fr\/wp-json\/wp\/v2\/product\/28576\/revisions"}],"wp:featuredmedia":[{"embeddable":true,"href":"https:\/\/tattini.dotstage.net\/fr\/wp-json\/wp\/v2\/media\/16273"}],"wp:attachment":[{"href":"https:\/\/tattini.dotstage.net\/fr\/wp-json\/wp\/v2\/media?parent=28576"}],"wp:term":[{"taxonomy":"product_cat","embeddable":true,"href":"https:\/\/tattini.dotstage.net\/fr\/wp-json\/wp\/v2\/product_cat?post=28576"},{"taxonomy":"product_tag","embeddable":true,"href":"https:\/\/tattini.dotstage.net\/fr\/wp-json\/wp\/v2\/product_tag?post=28576"}],"curies":[{"name":"wp","href":"https:\/\/api.w.org\/{rel}","templated":true}]}}