{"id":28540,"date":"2023-10-31T10:41:22","date_gmt":"2023-10-31T10:41:22","guid":{"rendered":"https:\/\/tattini.dotstage.net\/prodotto\/casque-decoute-daslo-gold\/"},"modified":"2024-02-02T16:36:45","modified_gmt":"2024-02-02T16:36:45","slug":"bonnet-daslo-gold","status":"publish","type":"product","link":"https:\/\/tattini.dotstage.net\/fr\/produit\/bonnet-daslo-gold\/","title":{"rendered":"Bonnet Dasl\u00f6 gold"},"content":{"rendered":"","protected":false},"excerpt":{"rendered":"<p>Assorti \u00e0 la chabraque 1216199. En coton crochet\u00e9 avec ruban en contraste.<\/p>\n","protected":false},"featured_media":16507,"template":"","meta":[],"product_cat":[876,882],"product_tag":[],"_links":{"self":[{"href":"https:\/\/tattini.dotstage.net\/fr\/wp-json\/wp\/v2\/product\/28540"}],"collection":[{"href":"https:\/\/tattini.dotstage.net\/fr\/wp-json\/wp\/v2\/product"}],"about":[{"href":"https:\/\/tattini.dotstage.net\/fr\/wp-json\/wp\/v2\/types\/product"}],"version-history":[{"count":0,"href":"https:\/\/tattini.dotstage.net\/fr\/wp-json\/wp\/v2\/product\/28540\/revisions"}],"wp:featuredmedia":[{"embeddable":true,"href":"https:\/\/tattini.dotstage.net\/fr\/wp-json\/wp\/v2\/media\/16507"}],"wp:attachment":[{"href":"https:\/\/tattini.dotstage.net\/fr\/wp-json\/wp\/v2\/media?parent=28540"}],"wp:term":[{"taxonomy":"product_cat","embeddable":true,"href":"https:\/\/tattini.dotstage.net\/fr\/wp-json\/wp\/v2\/product_cat?post=28540"},{"taxonomy":"product_tag","embeddable":true,"href":"https:\/\/tattini.dotstage.net\/fr\/wp-json\/wp\/v2\/product_tag?post=28540"}],"curies":[{"name":"wp","href":"https:\/\/api.w.org\/{rel}","templated":true}]}}