{"id":28490,"date":"2023-10-31T10:41:06","date_gmt":"2023-10-31T10:41:06","guid":{"rendered":"https:\/\/tattini.dotstage.net\/prodotto\/couette-tattini-en-tissu-micro-ripstop\/"},"modified":"2024-02-02T16:36:48","modified_gmt":"2024-02-02T16:36:48","slug":"doudoune-tattini-en-tissu-micro-ripstop","status":"publish","type":"product","link":"https:\/\/tattini.dotstage.net\/fr\/produit\/doudoune-tattini-en-tissu-micro-ripstop\/","title":{"rendered":"Doudoune Tattini en tissu micro-ripstop"},"content":{"rendered":"","protected":false},"excerpt":{"rendered":"<p>Coupe parfaite, tissu moelleux et r\u00e9sistant ext\u00e9rieur en polyester 600D, surpiq\u00fbre int\u00e9rieure, matelassure 400 gr., cou enveloppant en mouton synth\u00e9tique moelleux, avec protection de garrot; hauts soufflets d\u2019aisance, fermeture avant avec boucles, mousquetons, anneaux en D et renfort velcro suppl\u00e9mentaire entre les courroies. ourvue de rabat de queue, sangles crois\u00e9es avec insertion \u00e9lastique int\u00e9rieure proche de l\u2019agrafe en T, courroies \u00e9lastiques de cuisses, avec possibilit\u00e9 d\u2019ins\u00e9rer le couvre-cou amovible 2603899; d\u00e9cor\u00e9e avec passepoils contrast\u00e9s. Ecusson Tattini.<\/p>\n","protected":false},"featured_media":16429,"template":"","meta":[],"product_cat":[867,861],"product_tag":[],"_links":{"self":[{"href":"https:\/\/tattini.dotstage.net\/fr\/wp-json\/wp\/v2\/product\/28490"}],"collection":[{"href":"https:\/\/tattini.dotstage.net\/fr\/wp-json\/wp\/v2\/product"}],"about":[{"href":"https:\/\/tattini.dotstage.net\/fr\/wp-json\/wp\/v2\/types\/product"}],"version-history":[{"count":0,"href":"https:\/\/tattini.dotstage.net\/fr\/wp-json\/wp\/v2\/product\/28490\/revisions"}],"wp:featuredmedia":[{"embeddable":true,"href":"https:\/\/tattini.dotstage.net\/fr\/wp-json\/wp\/v2\/media\/16429"}],"wp:attachment":[{"href":"https:\/\/tattini.dotstage.net\/fr\/wp-json\/wp\/v2\/media?parent=28490"}],"wp:term":[{"taxonomy":"product_cat","embeddable":true,"href":"https:\/\/tattini.dotstage.net\/fr\/wp-json\/wp\/v2\/product_cat?post=28490"},{"taxonomy":"product_tag","embeddable":true,"href":"https:\/\/tattini.dotstage.net\/fr\/wp-json\/wp\/v2\/product_tag?post=28490"}],"curies":[{"name":"wp","href":"https:\/\/api.w.org\/{rel}","templated":true}]}}