{"id":28440,"date":"2023-10-31T10:40:50","date_gmt":"2023-10-31T10:40:50","guid":{"rendered":"https:\/\/tattini.dotstage.net\/prodotto\/pantalon-pour-dames-tattini-salice\/"},"modified":"2024-02-02T16:36:52","modified_gmt":"2024-02-02T16:36:52","slug":"pantalon-pour-dames-tattini-salice","status":"publish","type":"product","link":"https:\/\/tattini.dotstage.net\/fr\/produit\/pantalon-pour-dames-tattini-salice\/","title":{"rendered":"Pantalon femme Tattini Salice"},"content":{"rendered":"","protected":false},"excerpt":{"rendered":"<p>Poches confortables pour t\u00e9l\u00e9phone portable, insert en silicone au genou pour une adh\u00e9rence parfaite, tissu extensible \u00e0\u00a0 la cheville, coupe anatomique dans le dos, taille haute avec passants et deux boutons, coupe en queue d&rsquo;aronde dans le dos.<\/p>\n","protected":false},"featured_media":16354,"template":"","meta":[],"product_cat":[828,846,771],"product_tag":[],"_links":{"self":[{"href":"https:\/\/tattini.dotstage.net\/fr\/wp-json\/wp\/v2\/product\/28440"}],"collection":[{"href":"https:\/\/tattini.dotstage.net\/fr\/wp-json\/wp\/v2\/product"}],"about":[{"href":"https:\/\/tattini.dotstage.net\/fr\/wp-json\/wp\/v2\/types\/product"}],"version-history":[{"count":0,"href":"https:\/\/tattini.dotstage.net\/fr\/wp-json\/wp\/v2\/product\/28440\/revisions"}],"wp:featuredmedia":[{"embeddable":true,"href":"https:\/\/tattini.dotstage.net\/fr\/wp-json\/wp\/v2\/media\/16354"}],"wp:attachment":[{"href":"https:\/\/tattini.dotstage.net\/fr\/wp-json\/wp\/v2\/media?parent=28440"}],"wp:term":[{"taxonomy":"product_cat","embeddable":true,"href":"https:\/\/tattini.dotstage.net\/fr\/wp-json\/wp\/v2\/product_cat?post=28440"},{"taxonomy":"product_tag","embeddable":true,"href":"https:\/\/tattini.dotstage.net\/fr\/wp-json\/wp\/v2\/product_tag?post=28440"}],"curies":[{"name":"wp","href":"https:\/\/api.w.org\/{rel}","templated":true}]}}