{"id":28349,"date":"2023-10-31T10:41:07","date_gmt":"2023-10-31T10:41:07","guid":{"rendered":"https:\/\/tattini.dotstage.net\/prodotto\/couverture-daslo-de-tattini-poney-shetland\/"},"modified":"2024-02-02T16:36:48","modified_gmt":"2024-02-02T16:36:48","slug":"couverture-tattini-poney-shetland","status":"publish","type":"product","link":"https:\/\/tattini.dotstage.net\/fr\/produit\/couverture-tattini-poney-shetland\/","title":{"rendered":"Couverture Tattini poney shetland"},"content":{"rendered":"","protected":false},"excerpt":{"rendered":"<p>Surpiq\u00fbre horizontale, tissu polyester 420D, matelassure 330 gr., pourvue de rabat de queue, courroies de fermeture avant avec boucles et mousquetons et renfort velcro suppl\u00e9mentaire entre les courroies, protection de garrot en mouton synth\u00e9tique, demi-sursangles crois\u00e9es avec insertion \u00e9lastique int\u00e9rieure proche de l\u2019agrafe en T; bords bicolores contrast\u00e9s. D\u00e9cor\u00e9e avec logo Tattini.<\/p>\n","protected":false},"featured_media":16435,"template":"","meta":[],"product_cat":[867,861],"product_tag":[],"_links":{"self":[{"href":"https:\/\/tattini.dotstage.net\/fr\/wp-json\/wp\/v2\/product\/28349"}],"collection":[{"href":"https:\/\/tattini.dotstage.net\/fr\/wp-json\/wp\/v2\/product"}],"about":[{"href":"https:\/\/tattini.dotstage.net\/fr\/wp-json\/wp\/v2\/types\/product"}],"version-history":[{"count":0,"href":"https:\/\/tattini.dotstage.net\/fr\/wp-json\/wp\/v2\/product\/28349\/revisions"}],"wp:featuredmedia":[{"embeddable":true,"href":"https:\/\/tattini.dotstage.net\/fr\/wp-json\/wp\/v2\/media\/16435"}],"wp:attachment":[{"href":"https:\/\/tattini.dotstage.net\/fr\/wp-json\/wp\/v2\/media?parent=28349"}],"wp:term":[{"taxonomy":"product_cat","embeddable":true,"href":"https:\/\/tattini.dotstage.net\/fr\/wp-json\/wp\/v2\/product_cat?post=28349"},{"taxonomy":"product_tag","embeddable":true,"href":"https:\/\/tattini.dotstage.net\/fr\/wp-json\/wp\/v2\/product_tag?post=28349"}],"curies":[{"name":"wp","href":"https:\/\/api.w.org\/{rel}","templated":true}]}}