{"id":28313,"date":"2023-10-31T10:40:50","date_gmt":"2023-10-31T10:40:50","guid":{"rendered":"https:\/\/tattini.dotstage.net\/prodotto\/leggings-calendula-pour-femmes-de-tattini\/"},"modified":"2024-02-02T16:36:52","modified_gmt":"2024-02-02T16:36:52","slug":"leggings-calendula-pour-femmes-de-tattini","status":"publish","type":"product","link":"https:\/\/tattini.dotstage.net\/fr\/produit\/leggings-calendula-pour-femmes-de-tattini\/","title":{"rendered":"Leggings Calendula femme Tattini"},"content":{"rendered":"","protected":false},"excerpt":{"rendered":"<p>Tissu technique l\u00e9ger, doux et extensible dans les 4 sens ; empi\u00e8cements lat\u00e9raux en resille, coupe anatomique dans le dos, poche zipp\u00e9e pour t\u00e9l\u00e9phone portable, ceinture haute \u00e9lastiqu\u00e9e, coupe anatomique dans le dos, resille \u00e9lastique \u00e0\u00a0 la cheville, insert en silicone au genou pour une parfaite adh\u00e9rence.<\/p>\n","protected":false},"featured_media":16351,"template":"","meta":[],"product_cat":[828,846,771],"product_tag":[],"_links":{"self":[{"href":"https:\/\/tattini.dotstage.net\/fr\/wp-json\/wp\/v2\/product\/28313"}],"collection":[{"href":"https:\/\/tattini.dotstage.net\/fr\/wp-json\/wp\/v2\/product"}],"about":[{"href":"https:\/\/tattini.dotstage.net\/fr\/wp-json\/wp\/v2\/types\/product"}],"version-history":[{"count":0,"href":"https:\/\/tattini.dotstage.net\/fr\/wp-json\/wp\/v2\/product\/28313\/revisions"}],"wp:featuredmedia":[{"embeddable":true,"href":"https:\/\/tattini.dotstage.net\/fr\/wp-json\/wp\/v2\/media\/16351"}],"wp:attachment":[{"href":"https:\/\/tattini.dotstage.net\/fr\/wp-json\/wp\/v2\/media?parent=28313"}],"wp:term":[{"taxonomy":"product_cat","embeddable":true,"href":"https:\/\/tattini.dotstage.net\/fr\/wp-json\/wp\/v2\/product_cat?post=28313"},{"taxonomy":"product_tag","embeddable":true,"href":"https:\/\/tattini.dotstage.net\/fr\/wp-json\/wp\/v2\/product_tag?post=28313"}],"curies":[{"name":"wp","href":"https:\/\/api.w.org\/{rel}","templated":true}]}}