{"id":28295,"date":"2023-10-31T10:40:36","date_gmt":"2023-10-31T10:40:36","guid":{"rendered":"https:\/\/tattini.dotstage.net\/prodotto\/pantalon-peonia-de-tattini-pour-femme\/"},"modified":"2024-02-02T16:37:19","modified_gmt":"2024-02-02T16:37:19","slug":"culotte-peonia-tattini-femme","status":"publish","type":"product","link":"https:\/\/tattini.dotstage.net\/fr\/produit\/culotte-peonia-tattini-femme\/","title":{"rendered":"Culotte peonia Tattini femme"},"content":{"rendered":"","protected":false},"excerpt":{"rendered":"<p>R\u00e9alis\u00e9e en tissu microfibre 39% coton, 52% nylon, 9% spandex, poids 280 gr. Poches avant finies avec filet en contraste et fausses poches arri\u00e8re avec le rabat ferm\u00e9 par un bouton bijoux. Fond anatomique, grip antid\u00e9rapant en silicone en forme de T au genou. Bas de jambe en lycra \u00e9lastique. Broderie Tattini sur la jambe gauche.<\/p>\n","protected":false},"featured_media":16276,"template":"","meta":[],"product_cat":[828,846,771],"product_tag":[],"_links":{"self":[{"href":"https:\/\/tattini.dotstage.net\/fr\/wp-json\/wp\/v2\/product\/28295"}],"collection":[{"href":"https:\/\/tattini.dotstage.net\/fr\/wp-json\/wp\/v2\/product"}],"about":[{"href":"https:\/\/tattini.dotstage.net\/fr\/wp-json\/wp\/v2\/types\/product"}],"version-history":[{"count":0,"href":"https:\/\/tattini.dotstage.net\/fr\/wp-json\/wp\/v2\/product\/28295\/revisions"}],"wp:featuredmedia":[{"embeddable":true,"href":"https:\/\/tattini.dotstage.net\/fr\/wp-json\/wp\/v2\/media\/16276"}],"wp:attachment":[{"href":"https:\/\/tattini.dotstage.net\/fr\/wp-json\/wp\/v2\/media?parent=28295"}],"wp:term":[{"taxonomy":"product_cat","embeddable":true,"href":"https:\/\/tattini.dotstage.net\/fr\/wp-json\/wp\/v2\/product_cat?post=28295"},{"taxonomy":"product_tag","embeddable":true,"href":"https:\/\/tattini.dotstage.net\/fr\/wp-json\/wp\/v2\/product_tag?post=28295"}],"curies":[{"name":"wp","href":"https:\/\/api.w.org\/{rel}","templated":true}]}}