{"id":28183,"date":"2023-10-31T10:41:08","date_gmt":"2023-10-31T10:41:08","guid":{"rendered":"https:\/\/tattini.dotstage.net\/prodotto\/couverture-eponge\/"},"modified":"2024-02-02T16:36:48","modified_gmt":"2024-02-02T16:36:48","slug":"couverture-en-eponge","status":"publish","type":"product","link":"https:\/\/tattini.dotstage.net\/fr\/produit\/couverture-en-eponge\/","title":{"rendered":"Couverture en \u00e9ponge"},"content":{"rendered":"","protected":false},"excerpt":{"rendered":"<p>Absorbe et s\u00e8che parfaitement la transpiration, finitions bords contrast\u00e9s. La taille 155 cm est disponible dans le coloris bleu (29).<\/p>\n","protected":false},"featured_media":16441,"template":"","meta":[],"product_cat":[867,861],"product_tag":[],"_links":{"self":[{"href":"https:\/\/tattini.dotstage.net\/fr\/wp-json\/wp\/v2\/product\/28183"}],"collection":[{"href":"https:\/\/tattini.dotstage.net\/fr\/wp-json\/wp\/v2\/product"}],"about":[{"href":"https:\/\/tattini.dotstage.net\/fr\/wp-json\/wp\/v2\/types\/product"}],"version-history":[{"count":0,"href":"https:\/\/tattini.dotstage.net\/fr\/wp-json\/wp\/v2\/product\/28183\/revisions"}],"wp:featuredmedia":[{"embeddable":true,"href":"https:\/\/tattini.dotstage.net\/fr\/wp-json\/wp\/v2\/media\/16441"}],"wp:attachment":[{"href":"https:\/\/tattini.dotstage.net\/fr\/wp-json\/wp\/v2\/media?parent=28183"}],"wp:term":[{"taxonomy":"product_cat","embeddable":true,"href":"https:\/\/tattini.dotstage.net\/fr\/wp-json\/wp\/v2\/product_cat?post=28183"},{"taxonomy":"product_tag","embeddable":true,"href":"https:\/\/tattini.dotstage.net\/fr\/wp-json\/wp\/v2\/product_tag?post=28183"}],"curies":[{"name":"wp","href":"https:\/\/api.w.org\/{rel}","templated":true}]}}