{"id":28122,"date":"2023-10-31T10:40:37","date_gmt":"2023-10-31T10:40:37","guid":{"rendered":"https:\/\/tattini.dotstage.net\/prodotto\/pantalon-a-pinces-pour-fille-daslo-avec-volants-primula\/"},"modified":"2024-02-02T16:37:19","modified_gmt":"2024-02-02T16:37:19","slug":"culotte-pull-on-avec-ruches-primula-daslo-fille","status":"publish","type":"product","link":"https:\/\/tattini.dotstage.net\/fr\/produit\/culotte-pull-on-avec-ruches-primula-daslo-fille\/","title":{"rendered":"Culotte pull-on avec ruches primula Dasl\u00f6 fille"},"content":{"rendered":"","protected":false},"excerpt":{"rendered":"<p>En maille de coton \u00e9lastique (95% coton et 5% spandex), poids 320 gr, coupe pr\u00e8s du corps avec grip antid\u00e9rapant en silicone au genou. Pull-on sans fermeture, ajustable par boutons int\u00e9rieurs. Poches avant et arri\u00e8re d\u00e9cor\u00e9es avec ruches et strass, assortie au maillot 0312499. Bas de jambe en lycra \u00e9lastique en forme de triangle.<\/p>\n","protected":false},"featured_media":16282,"template":"","meta":[],"product_cat":[828,846,771],"product_tag":[],"_links":{"self":[{"href":"https:\/\/tattini.dotstage.net\/fr\/wp-json\/wp\/v2\/product\/28122"}],"collection":[{"href":"https:\/\/tattini.dotstage.net\/fr\/wp-json\/wp\/v2\/product"}],"about":[{"href":"https:\/\/tattini.dotstage.net\/fr\/wp-json\/wp\/v2\/types\/product"}],"version-history":[{"count":0,"href":"https:\/\/tattini.dotstage.net\/fr\/wp-json\/wp\/v2\/product\/28122\/revisions"}],"wp:featuredmedia":[{"embeddable":true,"href":"https:\/\/tattini.dotstage.net\/fr\/wp-json\/wp\/v2\/media\/16282"}],"wp:attachment":[{"href":"https:\/\/tattini.dotstage.net\/fr\/wp-json\/wp\/v2\/media?parent=28122"}],"wp:term":[{"taxonomy":"product_cat","embeddable":true,"href":"https:\/\/tattini.dotstage.net\/fr\/wp-json\/wp\/v2\/product_cat?post=28122"},{"taxonomy":"product_tag","embeddable":true,"href":"https:\/\/tattini.dotstage.net\/fr\/wp-json\/wp\/v2\/product_tag?post=28122"}],"curies":[{"name":"wp","href":"https:\/\/api.w.org\/{rel}","templated":true}]}}