{"id":28068,"date":"2023-10-31T10:40:37","date_gmt":"2023-10-31T10:40:37","guid":{"rendered":"https:\/\/tattini.dotstage.net\/prodotto\/pantalon-daslo-gold-de-tattini-men-zeus\/"},"modified":"2024-02-02T16:37:19","modified_gmt":"2024-02-02T16:37:19","slug":"culottes-daslo-gold-by-tattini-homme-zeus","status":"publish","type":"product","link":"https:\/\/tattini.dotstage.net\/fr\/produit\/culottes-daslo-gold-by-tattini-homme-zeus\/","title":{"rendered":"Culottes dasl\u00f6 gold by Tattini homme zeus"},"content":{"rendered":"","protected":false},"excerpt":{"rendered":"<p>R\u00e9alis\u00e9e en tissu microfibre (65% coton, 26% nylon, 9% spandex) poids 340 gr. Pourvue de 2 poches avant et 2 poches arri\u00e8re zipp\u00e9es. Fond anatomique, grip antid\u00e9rapant en silicone \u00e0 pois au genou. Bas de jambe en lycra \u00e9lastique en forme de triangle. Imprim\u00e9e \u201cDaslo Gold by Tattini\u201d sur la poche gauche arri\u00e8re.<\/p>\n","protected":false},"featured_media":16279,"template":"","meta":[],"product_cat":[828,846,771],"product_tag":[],"_links":{"self":[{"href":"https:\/\/tattini.dotstage.net\/fr\/wp-json\/wp\/v2\/product\/28068"}],"collection":[{"href":"https:\/\/tattini.dotstage.net\/fr\/wp-json\/wp\/v2\/product"}],"about":[{"href":"https:\/\/tattini.dotstage.net\/fr\/wp-json\/wp\/v2\/types\/product"}],"version-history":[{"count":0,"href":"https:\/\/tattini.dotstage.net\/fr\/wp-json\/wp\/v2\/product\/28068\/revisions"}],"wp:featuredmedia":[{"embeddable":true,"href":"https:\/\/tattini.dotstage.net\/fr\/wp-json\/wp\/v2\/media\/16279"}],"wp:attachment":[{"href":"https:\/\/tattini.dotstage.net\/fr\/wp-json\/wp\/v2\/media?parent=28068"}],"wp:term":[{"taxonomy":"product_cat","embeddable":true,"href":"https:\/\/tattini.dotstage.net\/fr\/wp-json\/wp\/v2\/product_cat?post=28068"},{"taxonomy":"product_tag","embeddable":true,"href":"https:\/\/tattini.dotstage.net\/fr\/wp-json\/wp\/v2\/product_tag?post=28068"}],"curies":[{"name":"wp","href":"https:\/\/api.w.org\/{rel}","templated":true}]}}