{"id":28057,"date":"2023-10-31T10:41:24","date_gmt":"2023-10-31T10:41:24","guid":{"rendered":"https:\/\/tattini.dotstage.net\/prodotto\/masque-en-filet-tattini-avec-museau-amovible\/"},"modified":"2024-02-02T16:36:44","modified_gmt":"2024-02-02T16:36:44","slug":"masque-resille-tattini-avec-museau-amovible","status":"publish","type":"product","link":"https:\/\/tattini.dotstage.net\/fr\/produit\/masque-resille-tattini-avec-museau-amovible\/","title":{"rendered":"MASQUE RESILLE TATTINI AVEC MUSEAU AMOVIBLE"},"content":{"rendered":"","protected":false},"excerpt":{"rendered":"<p>maille de nylon avec coutures recouvertes de polaire prot\u00e8ge contre les petites mouches et moucherons fixation de s\u00e9curit\u00e9 extensible reste loin des yeux rabat de nez amovible <\/p>\n","protected":false},"featured_media":16516,"template":"","meta":[],"product_cat":[867,861],"product_tag":[],"_links":{"self":[{"href":"https:\/\/tattini.dotstage.net\/fr\/wp-json\/wp\/v2\/product\/28057"}],"collection":[{"href":"https:\/\/tattini.dotstage.net\/fr\/wp-json\/wp\/v2\/product"}],"about":[{"href":"https:\/\/tattini.dotstage.net\/fr\/wp-json\/wp\/v2\/types\/product"}],"version-history":[{"count":0,"href":"https:\/\/tattini.dotstage.net\/fr\/wp-json\/wp\/v2\/product\/28057\/revisions"}],"wp:featuredmedia":[{"embeddable":true,"href":"https:\/\/tattini.dotstage.net\/fr\/wp-json\/wp\/v2\/media\/16516"}],"wp:attachment":[{"href":"https:\/\/tattini.dotstage.net\/fr\/wp-json\/wp\/v2\/media?parent=28057"}],"wp:term":[{"taxonomy":"product_cat","embeddable":true,"href":"https:\/\/tattini.dotstage.net\/fr\/wp-json\/wp\/v2\/product_cat?post=28057"},{"taxonomy":"product_tag","embeddable":true,"href":"https:\/\/tattini.dotstage.net\/fr\/wp-json\/wp\/v2\/product_tag?post=28057"}],"curies":[{"name":"wp","href":"https:\/\/api.w.org\/{rel}","templated":true}]}}