{"id":27998,"date":"2023-10-31T10:41:25","date_gmt":"2023-10-31T10:41:25","guid":{"rendered":"https:\/\/tattini.dotstage.net\/prodotto\/huile-pour-cuir-pearson-ml-700\/"},"modified":"2024-02-02T16:36:44","modified_gmt":"2024-02-02T16:36:44","slug":"huile-pour-cuir-pearson-ml-700","status":"publish","type":"product","link":"https:\/\/tattini.dotstage.net\/fr\/produit\/huile-pour-cuir-pearson-ml-700\/","title":{"rendered":"Huile pour cuir Pearson ml. 700"},"content":{"rendered":"","protected":false},"excerpt":{"rendered":"<p>huile en spray sup\u00e9rieure, tr\u00e8s p\u00e9n\u00e9trante, \u00e0\u00a0 base d&rsquo;huile de pied de b\u0153uf synth\u00e9tique pour restaurer l&rsquo;\u00e9lasticit\u00e9 du cuir des selles et des harnais<\/p>\n","protected":false},"featured_media":16525,"template":"","meta":[],"product_cat":[819,810],"product_tag":[],"_links":{"self":[{"href":"https:\/\/tattini.dotstage.net\/fr\/wp-json\/wp\/v2\/product\/27998"}],"collection":[{"href":"https:\/\/tattini.dotstage.net\/fr\/wp-json\/wp\/v2\/product"}],"about":[{"href":"https:\/\/tattini.dotstage.net\/fr\/wp-json\/wp\/v2\/types\/product"}],"version-history":[{"count":0,"href":"https:\/\/tattini.dotstage.net\/fr\/wp-json\/wp\/v2\/product\/27998\/revisions"}],"wp:featuredmedia":[{"embeddable":true,"href":"https:\/\/tattini.dotstage.net\/fr\/wp-json\/wp\/v2\/media\/16525"}],"wp:attachment":[{"href":"https:\/\/tattini.dotstage.net\/fr\/wp-json\/wp\/v2\/media?parent=27998"}],"wp:term":[{"taxonomy":"product_cat","embeddable":true,"href":"https:\/\/tattini.dotstage.net\/fr\/wp-json\/wp\/v2\/product_cat?post=27998"},{"taxonomy":"product_tag","embeddable":true,"href":"https:\/\/tattini.dotstage.net\/fr\/wp-json\/wp\/v2\/product_tag?post=27998"}],"curies":[{"name":"wp","href":"https:\/\/api.w.org\/{rel}","templated":true}]}}