{"id":27978,"date":"2023-10-31T10:41:09","date_gmt":"2023-10-31T10:41:09","guid":{"rendered":"https:\/\/tattini.dotstage.net\/prodotto\/couverture-impermeable-daslo\/"},"modified":"2024-02-02T16:36:47","modified_gmt":"2024-02-02T16:36:47","slug":"couverture-daslo-impermeable","status":"publish","type":"product","link":"https:\/\/tattini.dotstage.net\/fr\/produit\/couverture-daslo-impermeable\/","title":{"rendered":"Couverture Dasl\u00f6 imperm\u00e9able"},"content":{"rendered":"","protected":false},"excerpt":{"rendered":"<p>Longue couvrant la t\u00eate du cheval, avec fentes pour \u00e9triers et \u00e9trivi\u00e8res.<\/p>\n","protected":false},"featured_media":16444,"template":"","meta":[],"product_cat":[867,861],"product_tag":[],"_links":{"self":[{"href":"https:\/\/tattini.dotstage.net\/fr\/wp-json\/wp\/v2\/product\/27978"}],"collection":[{"href":"https:\/\/tattini.dotstage.net\/fr\/wp-json\/wp\/v2\/product"}],"about":[{"href":"https:\/\/tattini.dotstage.net\/fr\/wp-json\/wp\/v2\/types\/product"}],"version-history":[{"count":0,"href":"https:\/\/tattini.dotstage.net\/fr\/wp-json\/wp\/v2\/product\/27978\/revisions"}],"wp:featuredmedia":[{"embeddable":true,"href":"https:\/\/tattini.dotstage.net\/fr\/wp-json\/wp\/v2\/media\/16444"}],"wp:attachment":[{"href":"https:\/\/tattini.dotstage.net\/fr\/wp-json\/wp\/v2\/media?parent=27978"}],"wp:term":[{"taxonomy":"product_cat","embeddable":true,"href":"https:\/\/tattini.dotstage.net\/fr\/wp-json\/wp\/v2\/product_cat?post=27978"},{"taxonomy":"product_tag","embeddable":true,"href":"https:\/\/tattini.dotstage.net\/fr\/wp-json\/wp\/v2\/product_tag?post=27978"}],"curies":[{"name":"wp","href":"https:\/\/api.w.org\/{rel}","templated":true}]}}