{"id":27826,"date":"2023-10-31T10:41:26","date_gmt":"2023-10-31T10:41:26","guid":{"rendered":"https:\/\/tattini.dotstage.net\/prodotto\/savon-pate-pearson-ml-500\/"},"modified":"2024-02-02T16:36:44","modified_gmt":"2024-02-02T16:36:44","slug":"savon-pate-pearson-ml-500","status":"publish","type":"product","link":"https:\/\/tattini.dotstage.net\/fr\/produit\/savon-pate-pearson-ml-500\/","title":{"rendered":"Savon Pearson ml. 500 en p\u00e2te"},"content":{"rendered":"","protected":false},"excerpt":{"rendered":"<p>Savon liquide \u00e0\u00a0 base de glyc\u00e9rine pour le nettoyage en profondeur des selles et harnais en cuir. Extr\u00e8mement nettoyant et p\u00e9n\u00e9trant<\/p>\n","protected":false},"featured_media":16531,"template":"","meta":[],"product_cat":[819,810],"product_tag":[],"_links":{"self":[{"href":"https:\/\/tattini.dotstage.net\/fr\/wp-json\/wp\/v2\/product\/27826"}],"collection":[{"href":"https:\/\/tattini.dotstage.net\/fr\/wp-json\/wp\/v2\/product"}],"about":[{"href":"https:\/\/tattini.dotstage.net\/fr\/wp-json\/wp\/v2\/types\/product"}],"version-history":[{"count":0,"href":"https:\/\/tattini.dotstage.net\/fr\/wp-json\/wp\/v2\/product\/27826\/revisions"}],"wp:featuredmedia":[{"embeddable":true,"href":"https:\/\/tattini.dotstage.net\/fr\/wp-json\/wp\/v2\/media\/16531"}],"wp:attachment":[{"href":"https:\/\/tattini.dotstage.net\/fr\/wp-json\/wp\/v2\/media?parent=27826"}],"wp:term":[{"taxonomy":"product_cat","embeddable":true,"href":"https:\/\/tattini.dotstage.net\/fr\/wp-json\/wp\/v2\/product_cat?post=27826"},{"taxonomy":"product_tag","embeddable":true,"href":"https:\/\/tattini.dotstage.net\/fr\/wp-json\/wp\/v2\/product_tag?post=27826"}],"curies":[{"name":"wp","href":"https:\/\/api.w.org\/{rel}","templated":true}]}}