{"id":27774,"date":"2023-10-31T10:40:39","date_gmt":"2023-10-31T10:40:39","guid":{"rendered":"https:\/\/tattini.dotstage.net\/prodotto\/longhina\/"},"modified":"2024-02-02T16:37:18","modified_gmt":"2024-02-02T16:37:18","slug":"longe","status":"publish","type":"product","link":"https:\/\/tattini.dotstage.net\/fr\/produit\/longe\/","title":{"rendered":"Longe"},"content":{"rendered":"","protected":false},"excerpt":{"rendered":"<p>En nylon tress\u00e9 \u00e9pais, mousqueton m\u00e9tal couleur laiton.<\/p>\n","protected":false},"featured_media":16291,"template":"","meta":[],"product_cat":[861,864],"product_tag":[],"_links":{"self":[{"href":"https:\/\/tattini.dotstage.net\/fr\/wp-json\/wp\/v2\/product\/27774"}],"collection":[{"href":"https:\/\/tattini.dotstage.net\/fr\/wp-json\/wp\/v2\/product"}],"about":[{"href":"https:\/\/tattini.dotstage.net\/fr\/wp-json\/wp\/v2\/types\/product"}],"version-history":[{"count":0,"href":"https:\/\/tattini.dotstage.net\/fr\/wp-json\/wp\/v2\/product\/27774\/revisions"}],"wp:featuredmedia":[{"embeddable":true,"href":"https:\/\/tattini.dotstage.net\/fr\/wp-json\/wp\/v2\/media\/16291"}],"wp:attachment":[{"href":"https:\/\/tattini.dotstage.net\/fr\/wp-json\/wp\/v2\/media?parent=27774"}],"wp:term":[{"taxonomy":"product_cat","embeddable":true,"href":"https:\/\/tattini.dotstage.net\/fr\/wp-json\/wp\/v2\/product_cat?post=27774"},{"taxonomy":"product_tag","embeddable":true,"href":"https:\/\/tattini.dotstage.net\/fr\/wp-json\/wp\/v2\/product_tag?post=27774"}],"curies":[{"name":"wp","href":"https:\/\/api.w.org\/{rel}","templated":true}]}}