{"id":27711,"date":"2023-10-31T10:40:40","date_gmt":"2023-10-31T10:40:40","guid":{"rendered":"https:\/\/tattini.dotstage.net\/prodotto\/tattini-longhina\/"},"modified":"2024-02-02T16:37:18","modified_gmt":"2024-02-02T16:37:18","slug":"longe-tattini","status":"publish","type":"product","link":"https:\/\/tattini.dotstage.net\/fr\/produit\/longe-tattini\/","title":{"rendered":"Longe Tattini"},"content":{"rendered":"","protected":false},"excerpt":{"rendered":"<p>En nylon tress\u00e9, avec un mousqueton de 12 cm en m\u00e9tal argent\u00e9 satin\u00e9, d\u2019excellente qualit\u00e9.<\/p>\n","protected":false},"featured_media":16297,"template":"","meta":[],"product_cat":[861,864],"product_tag":[],"_links":{"self":[{"href":"https:\/\/tattini.dotstage.net\/fr\/wp-json\/wp\/v2\/product\/27711"}],"collection":[{"href":"https:\/\/tattini.dotstage.net\/fr\/wp-json\/wp\/v2\/product"}],"about":[{"href":"https:\/\/tattini.dotstage.net\/fr\/wp-json\/wp\/v2\/types\/product"}],"version-history":[{"count":0,"href":"https:\/\/tattini.dotstage.net\/fr\/wp-json\/wp\/v2\/product\/27711\/revisions"}],"wp:featuredmedia":[{"embeddable":true,"href":"https:\/\/tattini.dotstage.net\/fr\/wp-json\/wp\/v2\/media\/16297"}],"wp:attachment":[{"href":"https:\/\/tattini.dotstage.net\/fr\/wp-json\/wp\/v2\/media?parent=27711"}],"wp:term":[{"taxonomy":"product_cat","embeddable":true,"href":"https:\/\/tattini.dotstage.net\/fr\/wp-json\/wp\/v2\/product_cat?post=27711"},{"taxonomy":"product_tag","embeddable":true,"href":"https:\/\/tattini.dotstage.net\/fr\/wp-json\/wp\/v2\/product_tag?post=27711"}],"curies":[{"name":"wp","href":"https:\/\/api.w.org\/{rel}","templated":true}]}}