{"id":27662,"date":"2023-10-31T10:40:56","date_gmt":"2023-10-31T10:40:56","guid":{"rendered":"https:\/\/tattini.dotstage.net\/prodotto\/queue-de-cheval\/"},"modified":"2024-02-02T16:36:51","modified_gmt":"2024-02-02T16:36:51","slug":"croupiere-poney","status":"publish","type":"product","link":"https:\/\/tattini.dotstage.net\/fr\/produit\/croupiere-poney\/","title":{"rendered":"Croupi\u00e8re poney"},"content":{"rendered":"","protected":false},"excerpt":{"rendered":"<p>En cuir, bouclerie inox, s\u00e9rie \u00e9conomique.<\/p>\n","protected":false},"featured_media":16381,"template":"","meta":[],"product_cat":[879,876],"product_tag":[],"_links":{"self":[{"href":"https:\/\/tattini.dotstage.net\/fr\/wp-json\/wp\/v2\/product\/27662"}],"collection":[{"href":"https:\/\/tattini.dotstage.net\/fr\/wp-json\/wp\/v2\/product"}],"about":[{"href":"https:\/\/tattini.dotstage.net\/fr\/wp-json\/wp\/v2\/types\/product"}],"version-history":[{"count":0,"href":"https:\/\/tattini.dotstage.net\/fr\/wp-json\/wp\/v2\/product\/27662\/revisions"}],"wp:featuredmedia":[{"embeddable":true,"href":"https:\/\/tattini.dotstage.net\/fr\/wp-json\/wp\/v2\/media\/16381"}],"wp:attachment":[{"href":"https:\/\/tattini.dotstage.net\/fr\/wp-json\/wp\/v2\/media?parent=27662"}],"wp:term":[{"taxonomy":"product_cat","embeddable":true,"href":"https:\/\/tattini.dotstage.net\/fr\/wp-json\/wp\/v2\/product_cat?post=27662"},{"taxonomy":"product_tag","embeddable":true,"href":"https:\/\/tattini.dotstage.net\/fr\/wp-json\/wp\/v2\/product_tag?post=27662"}],"curies":[{"name":"wp","href":"https:\/\/api.w.org\/{rel}","templated":true}]}}