{"id":27611,"date":"2023-10-31T10:41:13","date_gmt":"2023-10-31T10:41:13","guid":{"rendered":"https:\/\/tattini.dotstage.net\/prodotto\/couverture-decurie-daslo\/"},"modified":"2024-02-02T16:36:47","modified_gmt":"2024-02-02T16:36:47","slug":"couverture-de-box-daslo","status":"publish","type":"product","link":"https:\/\/tattini.dotstage.net\/fr\/produit\/couverture-de-box-daslo\/","title":{"rendered":"Couverture de box Dasl\u00f6"},"content":{"rendered":"","protected":false},"excerpt":{"rendered":"<p>En tissu polyester 400D, matelassure 150 gr., pourvue de demi-sursangles avec insertion \u00e9lastique int\u00e9rieure, surpiq\u00fbre horizontale, courroies de fermeture avant avec boucles et renfort velcro suppl\u00e9mentaire entre les courroies, hauts soufflets d\u2019aisance, courroies \u00e9lastiques de cuisses avec protection de garrot en moutons synth\u00e9tique.<\/p>\n","protected":false},"featured_media":16459,"template":"","meta":[],"product_cat":[867,861],"product_tag":[],"_links":{"self":[{"href":"https:\/\/tattini.dotstage.net\/fr\/wp-json\/wp\/v2\/product\/27611"}],"collection":[{"href":"https:\/\/tattini.dotstage.net\/fr\/wp-json\/wp\/v2\/product"}],"about":[{"href":"https:\/\/tattini.dotstage.net\/fr\/wp-json\/wp\/v2\/types\/product"}],"version-history":[{"count":0,"href":"https:\/\/tattini.dotstage.net\/fr\/wp-json\/wp\/v2\/product\/27611\/revisions"}],"wp:featuredmedia":[{"embeddable":true,"href":"https:\/\/tattini.dotstage.net\/fr\/wp-json\/wp\/v2\/media\/16459"}],"wp:attachment":[{"href":"https:\/\/tattini.dotstage.net\/fr\/wp-json\/wp\/v2\/media?parent=27611"}],"wp:term":[{"taxonomy":"product_cat","embeddable":true,"href":"https:\/\/tattini.dotstage.net\/fr\/wp-json\/wp\/v2\/product_cat?post=27611"},{"taxonomy":"product_tag","embeddable":true,"href":"https:\/\/tattini.dotstage.net\/fr\/wp-json\/wp\/v2\/product_tag?post=27611"}],"curies":[{"name":"wp","href":"https:\/\/api.w.org\/{rel}","templated":true}]}}