{"id":27555,"date":"2023-10-31T10:41:29","date_gmt":"2023-10-31T10:41:29","guid":{"rendered":"https:\/\/tattini.dotstage.net\/prodotto\/paraglomi\/"},"modified":"2024-02-02T16:36:44","modified_gmt":"2024-02-02T16:36:44","slug":"cloches","status":"publish","type":"product","link":"https:\/\/tattini.dotstage.net\/fr\/produit\/cloches\/","title":{"rendered":"Cloches"},"content":{"rendered":"","protected":false},"excerpt":{"rendered":"<p>Cloches ouvertes en caoutchouc stri\u00e9, \u00e0 fermeture velcro double tr\u00e8s solide.<\/p>\n","protected":false},"featured_media":16546,"template":"","meta":[],"product_cat":[870,861],"product_tag":[],"_links":{"self":[{"href":"https:\/\/tattini.dotstage.net\/fr\/wp-json\/wp\/v2\/product\/27555"}],"collection":[{"href":"https:\/\/tattini.dotstage.net\/fr\/wp-json\/wp\/v2\/product"}],"about":[{"href":"https:\/\/tattini.dotstage.net\/fr\/wp-json\/wp\/v2\/types\/product"}],"version-history":[{"count":0,"href":"https:\/\/tattini.dotstage.net\/fr\/wp-json\/wp\/v2\/product\/27555\/revisions"}],"wp:featuredmedia":[{"embeddable":true,"href":"https:\/\/tattini.dotstage.net\/fr\/wp-json\/wp\/v2\/media\/16546"}],"wp:attachment":[{"href":"https:\/\/tattini.dotstage.net\/fr\/wp-json\/wp\/v2\/media?parent=27555"}],"wp:term":[{"taxonomy":"product_cat","embeddable":true,"href":"https:\/\/tattini.dotstage.net\/fr\/wp-json\/wp\/v2\/product_cat?post=27555"},{"taxonomy":"product_tag","embeddable":true,"href":"https:\/\/tattini.dotstage.net\/fr\/wp-json\/wp\/v2\/product_tag?post=27555"}],"curies":[{"name":"wp","href":"https:\/\/api.w.org\/{rel}","templated":true}]}}