{"id":27459,"date":"2023-10-31T10:40:58","date_gmt":"2023-10-31T10:40:58","guid":{"rendered":"https:\/\/tattini.dotstage.net\/prodotto\/bisaccione-tattini-trek\/"},"modified":"2024-02-02T16:36:51","modified_gmt":"2024-02-02T16:36:51","slug":"sacoche-triple-tattini-trek","status":"publish","type":"product","link":"https:\/\/tattini.dotstage.net\/fr\/produit\/sacoche-triple-tattini-trek\/","title":{"rendered":"Sacoche triple \u00ab\u00a0Tattini trek\u00a0\u00bb"},"content":{"rendered":"","protected":false},"excerpt":{"rendered":"<p>En nylon d\u2019excellente qualit\u00e9, constitu\u00e9 de 3 grands sacs \u00e0 fermeture \u00e0 glissi\u00e8re avec rabat \u00e0 velcros anti-pluie.<\/p>\n","protected":false},"featured_media":16393,"template":"","meta":[],"product_cat":[906,903],"product_tag":[],"_links":{"self":[{"href":"https:\/\/tattini.dotstage.net\/fr\/wp-json\/wp\/v2\/product\/27459"}],"collection":[{"href":"https:\/\/tattini.dotstage.net\/fr\/wp-json\/wp\/v2\/product"}],"about":[{"href":"https:\/\/tattini.dotstage.net\/fr\/wp-json\/wp\/v2\/types\/product"}],"version-history":[{"count":0,"href":"https:\/\/tattini.dotstage.net\/fr\/wp-json\/wp\/v2\/product\/27459\/revisions"}],"wp:featuredmedia":[{"embeddable":true,"href":"https:\/\/tattini.dotstage.net\/fr\/wp-json\/wp\/v2\/media\/16393"}],"wp:attachment":[{"href":"https:\/\/tattini.dotstage.net\/fr\/wp-json\/wp\/v2\/media?parent=27459"}],"wp:term":[{"taxonomy":"product_cat","embeddable":true,"href":"https:\/\/tattini.dotstage.net\/fr\/wp-json\/wp\/v2\/product_cat?post=27459"},{"taxonomy":"product_tag","embeddable":true,"href":"https:\/\/tattini.dotstage.net\/fr\/wp-json\/wp\/v2\/product_tag?post=27459"}],"curies":[{"name":"wp","href":"https:\/\/api.w.org\/{rel}","templated":true}]}}