{"id":27371,"date":"2023-10-31T10:43:05","date_gmt":"2023-10-31T10:43:05","guid":{"rendered":"https:\/\/tattini.dotstage.net\/prodotto\/casque-tattini-sans-visiere\/"},"modified":"2024-02-02T16:35:57","modified_gmt":"2024-02-02T16:35:57","slug":"casque-tattini-sans-visiere","status":"publish","type":"product","link":"https:\/\/tattini.dotstage.net\/fr\/produit\/casque-tattini-sans-visiere\/","title":{"rendered":"Casque Tattini sans visiere"},"content":{"rendered":"","protected":false},"excerpt":{"rendered":"<p>Rev\u00eatement caoutchout\u00e9 mat &#8211; Fentes en m\u00e9tal \u00e0 l\u2019avant et \u00e0 l\u2019arri\u00e8re avec torus d\u2019a\u00e9ration &#8211; Rembourrage de protection \u00e0 la nuque int\u00e9gr\u00e9 avec sangle de menton et boucle \u00e0 d\u00e9clenchement rapide &#8211; Homologu\u00e9 CE VG1- Doublure int\u00e9rieure Coolmax rembourr\u00e9e, amovible et lavable &#8211; Pourvu de housse en tissu<\/p>\n","protected":false},"featured_media":16993,"template":"","meta":[],"product_cat":[831,828],"product_tag":[],"_links":{"self":[{"href":"https:\/\/tattini.dotstage.net\/fr\/wp-json\/wp\/v2\/product\/27371"}],"collection":[{"href":"https:\/\/tattini.dotstage.net\/fr\/wp-json\/wp\/v2\/product"}],"about":[{"href":"https:\/\/tattini.dotstage.net\/fr\/wp-json\/wp\/v2\/types\/product"}],"version-history":[{"count":0,"href":"https:\/\/tattini.dotstage.net\/fr\/wp-json\/wp\/v2\/product\/27371\/revisions"}],"wp:featuredmedia":[{"embeddable":true,"href":"https:\/\/tattini.dotstage.net\/fr\/wp-json\/wp\/v2\/media\/16993"}],"wp:attachment":[{"href":"https:\/\/tattini.dotstage.net\/fr\/wp-json\/wp\/v2\/media?parent=27371"}],"wp:term":[{"taxonomy":"product_cat","embeddable":true,"href":"https:\/\/tattini.dotstage.net\/fr\/wp-json\/wp\/v2\/product_cat?post=27371"},{"taxonomy":"product_tag","embeddable":true,"href":"https:\/\/tattini.dotstage.net\/fr\/wp-json\/wp\/v2\/product_tag?post=27371"}],"curies":[{"name":"wp","href":"https:\/\/api.w.org\/{rel}","templated":true}]}}