{"id":27365,"date":"2023-10-31T10:41:31","date_gmt":"2023-10-31T10:41:31","guid":{"rendered":"https:\/\/tattini.dotstage.net\/prodotto\/daslo-paraglomes-a-lagneau\/"},"modified":"2024-02-02T16:36:43","modified_gmt":"2024-02-02T16:36:43","slug":"cloches-daslo-mouton","status":"publish","type":"product","link":"https:\/\/tattini.dotstage.net\/fr\/produit\/cloches-daslo-mouton\/","title":{"rendered":"Cloches Dasl\u00f6 mouton"},"content":{"rendered":"","protected":false},"excerpt":{"rendered":"<p>Recouvertes \u00e0 l\u2019ext\u00e9rieur de mat\u00e9riau synth\u00e9tique, bord en mouton naturel, doubl\u00e9es lycra et rembourr\u00e9e n\u00e9opr\u00e8ne. Fermeture velcro.<\/p>\n","protected":false},"featured_media":16555,"template":"","meta":[],"product_cat":[870,861],"product_tag":[],"_links":{"self":[{"href":"https:\/\/tattini.dotstage.net\/fr\/wp-json\/wp\/v2\/product\/27365"}],"collection":[{"href":"https:\/\/tattini.dotstage.net\/fr\/wp-json\/wp\/v2\/product"}],"about":[{"href":"https:\/\/tattini.dotstage.net\/fr\/wp-json\/wp\/v2\/types\/product"}],"version-history":[{"count":0,"href":"https:\/\/tattini.dotstage.net\/fr\/wp-json\/wp\/v2\/product\/27365\/revisions"}],"wp:featuredmedia":[{"embeddable":true,"href":"https:\/\/tattini.dotstage.net\/fr\/wp-json\/wp\/v2\/media\/16555"}],"wp:attachment":[{"href":"https:\/\/tattini.dotstage.net\/fr\/wp-json\/wp\/v2\/media?parent=27365"}],"wp:term":[{"taxonomy":"product_cat","embeddable":true,"href":"https:\/\/tattini.dotstage.net\/fr\/wp-json\/wp\/v2\/product_cat?post=27365"},{"taxonomy":"product_tag","embeddable":true,"href":"https:\/\/tattini.dotstage.net\/fr\/wp-json\/wp\/v2\/product_tag?post=27365"}],"curies":[{"name":"wp","href":"https:\/\/api.w.org\/{rel}","templated":true}]}}