{"id":27332,"date":"2023-10-31T10:43:05","date_gmt":"2023-10-31T10:43:05","guid":{"rendered":"https:\/\/tattini.dotstage.net\/prodotto\/casquette-tattini-avec-revetement-caoutchoute-et-inserts-polis\/"},"modified":"2024-02-02T16:35:57","modified_gmt":"2024-02-02T16:35:57","slug":"casque-tattini-avec-revetement-caoutchoute-et-inserts-polis","status":"publish","type":"product","link":"https:\/\/tattini.dotstage.net\/fr\/produit\/casque-tattini-avec-revetement-caoutchoute-et-inserts-polis\/","title":{"rendered":"Casque Tattini avec rev\u00eatement caoutchout\u00e9 et inserts polis"},"content":{"rendered":"","protected":false},"excerpt":{"rendered":"<p>Certification CE VG1. Coque en abs avec rev\u00eatement caoutchout\u00e9 ou microfibre, ventil\u00e9e et l\u00e9g\u00e8re, trois rembourrages fournis, d&rsquo;\u00e9paisseurs diff\u00e9rentes, pour s&rsquo;adapter \u00e0 toutes les tailles, sangles avec 6 points d&rsquo;attache pour plus de s\u00e9curit\u00e9.<\/p>\n","protected":false},"featured_media":16990,"template":"","meta":[],"product_cat":[831,828],"product_tag":[],"_links":{"self":[{"href":"https:\/\/tattini.dotstage.net\/fr\/wp-json\/wp\/v2\/product\/27332"}],"collection":[{"href":"https:\/\/tattini.dotstage.net\/fr\/wp-json\/wp\/v2\/product"}],"about":[{"href":"https:\/\/tattini.dotstage.net\/fr\/wp-json\/wp\/v2\/types\/product"}],"version-history":[{"count":0,"href":"https:\/\/tattini.dotstage.net\/fr\/wp-json\/wp\/v2\/product\/27332\/revisions"}],"wp:featuredmedia":[{"embeddable":true,"href":"https:\/\/tattini.dotstage.net\/fr\/wp-json\/wp\/v2\/media\/16990"}],"wp:attachment":[{"href":"https:\/\/tattini.dotstage.net\/fr\/wp-json\/wp\/v2\/media?parent=27332"}],"wp:term":[{"taxonomy":"product_cat","embeddable":true,"href":"https:\/\/tattini.dotstage.net\/fr\/wp-json\/wp\/v2\/product_cat?post=27332"},{"taxonomy":"product_tag","embeddable":true,"href":"https:\/\/tattini.dotstage.net\/fr\/wp-json\/wp\/v2\/product_tag?post=27332"}],"curies":[{"name":"wp","href":"https:\/\/api.w.org\/{rel}","templated":true}]}}