{"id":27302,"date":"2023-10-31T10:41:35","date_gmt":"2023-10-31T10:41:35","guid":{"rendered":"https:\/\/tattini.dotstage.net\/prodotto\/protege-tibias-hi-tech-de-tattini\/"},"modified":"2024-02-02T16:36:43","modified_gmt":"2024-02-02T16:36:43","slug":"guetres-tattini-hi-tech","status":"publish","type":"product","link":"https:\/\/tattini.dotstage.net\/fr\/produit\/guetres-tattini-hi-tech\/","title":{"rendered":"Gu\u00eatres Tattini hi\u2013tech"},"content":{"rendered":"","protected":false},"excerpt":{"rendered":"<p>En n\u00e9opr\u00e8ne de haute qualit\u00e9. Apportent un maximum de maintien et de protection aux tendons, boulets et s\u00e9samo\u00efdes, tout en conservant la libert\u00e9 de mouvement.<\/p>\n","protected":false},"featured_media":16573,"template":"","meta":[],"product_cat":[870,861],"product_tag":[],"_links":{"self":[{"href":"https:\/\/tattini.dotstage.net\/fr\/wp-json\/wp\/v2\/product\/27302"}],"collection":[{"href":"https:\/\/tattini.dotstage.net\/fr\/wp-json\/wp\/v2\/product"}],"about":[{"href":"https:\/\/tattini.dotstage.net\/fr\/wp-json\/wp\/v2\/types\/product"}],"version-history":[{"count":0,"href":"https:\/\/tattini.dotstage.net\/fr\/wp-json\/wp\/v2\/product\/27302\/revisions"}],"wp:featuredmedia":[{"embeddable":true,"href":"https:\/\/tattini.dotstage.net\/fr\/wp-json\/wp\/v2\/media\/16573"}],"wp:attachment":[{"href":"https:\/\/tattini.dotstage.net\/fr\/wp-json\/wp\/v2\/media?parent=27302"}],"wp:term":[{"taxonomy":"product_cat","embeddable":true,"href":"https:\/\/tattini.dotstage.net\/fr\/wp-json\/wp\/v2\/product_cat?post=27302"},{"taxonomy":"product_tag","embeddable":true,"href":"https:\/\/tattini.dotstage.net\/fr\/wp-json\/wp\/v2\/product_tag?post=27302"}],"curies":[{"name":"wp","href":"https:\/\/api.w.org\/{rel}","templated":true}]}}