{"id":27143,"date":"2023-10-31T10:43:07","date_gmt":"2023-10-31T10:43:07","guid":{"rendered":"https:\/\/tattini.dotstage.net\/prodotto\/casquette-tattini-pro-avec-doublure-en-microfibre\/"},"modified":"2024-02-02T16:35:57","modified_gmt":"2024-02-02T16:35:57","slug":"bombe-tattini-pro-avec-revetement-en-microfibre","status":"publish","type":"product","link":"https:\/\/tattini.dotstage.net\/fr\/produit\/bombe-tattini-pro-avec-revetement-en-microfibre\/","title":{"rendered":"Bombe Tattini pro avec revetement en microfibre"},"content":{"rendered":"","protected":false},"excerpt":{"rendered":"<p>&#8211; Segment central avec fentes pour la circulation d&rsquo;air &#8211; Fentes d&rsquo;a\u00e9ration \u00e0 l&rsquo;arri\u00e8re &#8211; Rembourrage de protection \u00e0 la nuque int\u00e9gr\u00e9 avec sangle de menton et boucle \u00e0 d\u00e9clenchement rapide &#8211; Homologu\u00e9 CE EN1384 &#8211; Doublure int\u00e9rieure Coolmax rembourr\u00e9e, amovible et lavable &#8211; Coque ABS &#8211; Pourvue de housse en tissu<\/p>\n","protected":false},"featured_media":17002,"template":"","meta":[],"product_cat":[831,828],"product_tag":[],"_links":{"self":[{"href":"https:\/\/tattini.dotstage.net\/fr\/wp-json\/wp\/v2\/product\/27143"}],"collection":[{"href":"https:\/\/tattini.dotstage.net\/fr\/wp-json\/wp\/v2\/product"}],"about":[{"href":"https:\/\/tattini.dotstage.net\/fr\/wp-json\/wp\/v2\/types\/product"}],"version-history":[{"count":0,"href":"https:\/\/tattini.dotstage.net\/fr\/wp-json\/wp\/v2\/product\/27143\/revisions"}],"wp:featuredmedia":[{"embeddable":true,"href":"https:\/\/tattini.dotstage.net\/fr\/wp-json\/wp\/v2\/media\/17002"}],"wp:attachment":[{"href":"https:\/\/tattini.dotstage.net\/fr\/wp-json\/wp\/v2\/media?parent=27143"}],"wp:term":[{"taxonomy":"product_cat","embeddable":true,"href":"https:\/\/tattini.dotstage.net\/fr\/wp-json\/wp\/v2\/product_cat?post=27143"},{"taxonomy":"product_tag","embeddable":true,"href":"https:\/\/tattini.dotstage.net\/fr\/wp-json\/wp\/v2\/product_tag?post=27143"}],"curies":[{"name":"wp","href":"https:\/\/api.w.org\/{rel}","templated":true}]}}