{"id":27131,"date":"2023-10-31T10:41:37","date_gmt":"2023-10-31T10:41:37","guid":{"rendered":"https:\/\/tattini.dotstage.net\/prodotto\/veste-softshell-et-polaire-feltre\/"},"modified":"2024-02-02T16:36:42","modified_gmt":"2024-02-02T16:36:42","slug":"veste-feltre-tattini-femme-en-polaire-et-softshell","status":"publish","type":"product","link":"https:\/\/tattini.dotstage.net\/fr\/produit\/veste-feltre-tattini-femme-en-polaire-et-softshell\/","title":{"rendered":"Veste \u2018feltre\u2019 Tattini femme en polaire et softshell"},"content":{"rendered":"","protected":false},"excerpt":{"rendered":"<p>R\u00e9alis\u00e9e en polaire souple, avec inserts en softshell tricot\u00e9 sur les c\u00f4t\u00e9s, les \u00e9paules et les manches pour un meilleur confort et une parfaite adh\u00e9rence. Pourvue d\u2019une fermeture zipp\u00e9e centrale avec double curseur, capuche chaud en polaire, doubles poches avant zipp\u00e9es et ouvertures zipp\u00e9es sur les poignets. Finie avec une personnalisation soigneuse: tire-zip, \u00e9tiquette interne et \u00e9cusson externe sur la manche gauche.<\/p>\n","protected":false},"featured_media":16585,"template":"","meta":[],"product_cat":[783,771],"product_tag":[],"_links":{"self":[{"href":"https:\/\/tattini.dotstage.net\/fr\/wp-json\/wp\/v2\/product\/27131"}],"collection":[{"href":"https:\/\/tattini.dotstage.net\/fr\/wp-json\/wp\/v2\/product"}],"about":[{"href":"https:\/\/tattini.dotstage.net\/fr\/wp-json\/wp\/v2\/types\/product"}],"version-history":[{"count":0,"href":"https:\/\/tattini.dotstage.net\/fr\/wp-json\/wp\/v2\/product\/27131\/revisions"}],"wp:featuredmedia":[{"embeddable":true,"href":"https:\/\/tattini.dotstage.net\/fr\/wp-json\/wp\/v2\/media\/16585"}],"wp:attachment":[{"href":"https:\/\/tattini.dotstage.net\/fr\/wp-json\/wp\/v2\/media?parent=27131"}],"wp:term":[{"taxonomy":"product_cat","embeddable":true,"href":"https:\/\/tattini.dotstage.net\/fr\/wp-json\/wp\/v2\/product_cat?post=27131"},{"taxonomy":"product_tag","embeddable":true,"href":"https:\/\/tattini.dotstage.net\/fr\/wp-json\/wp\/v2\/product_tag?post=27131"}],"curies":[{"name":"wp","href":"https:\/\/api.w.org\/{rel}","templated":true}]}}