{"id":26476,"date":"2023-10-31T10:41:37","date_gmt":"2023-10-31T10:41:37","guid":{"rendered":"https:\/\/tattini.dotstage.net\/prodotto\/veste-softshell-aosta-de-tattini-pour-femme\/"},"modified":"2024-02-02T16:36:42","modified_gmt":"2024-02-02T16:36:42","slug":"veste-aosta-tattini-femme-en-softshell","status":"publish","type":"product","link":"https:\/\/tattini.dotstage.net\/fr\/produit\/veste-aosta-tattini-femme-en-softshell\/","title":{"rendered":"Veste aosta Tattini femme en softshell"},"content":{"rendered":"","protected":false},"excerpt":{"rendered":"<p>De ligne cintr\u00e9e, r\u00e9alis\u00e9e en souple softshell molletonn\u00e9 et \u00e9lastique avec inserts en softshell tricot\u00e9 sur les c\u00f4t\u00e9s pour un meilleur confort et une parfaite adh\u00e9rence. Pourvue de coupes techniques sur les coudes, poignets ajustables avec velcro, poches avant zipp\u00e9es, fentes de ventilation sous les bras, col montant avec prot\u00e8ge-menton, fermeture zipp\u00e9e centrale avec double curseur, fentes arri\u00e8res zipp\u00e9es. Finie avec des coutures d\u00e9coratives \u00ab \u00e0 point cheval \u00bb contrast\u00e9es et une personnalisation soigneuse: tire-zip, \u00e9tiquette interne et \u00e9cusson externe sur la manche gauche.<\/p>\n","protected":false},"featured_media":16582,"template":"","meta":[],"product_cat":[783,771],"product_tag":[],"_links":{"self":[{"href":"https:\/\/tattini.dotstage.net\/fr\/wp-json\/wp\/v2\/product\/26476"}],"collection":[{"href":"https:\/\/tattini.dotstage.net\/fr\/wp-json\/wp\/v2\/product"}],"about":[{"href":"https:\/\/tattini.dotstage.net\/fr\/wp-json\/wp\/v2\/types\/product"}],"version-history":[{"count":0,"href":"https:\/\/tattini.dotstage.net\/fr\/wp-json\/wp\/v2\/product\/26476\/revisions"}],"wp:featuredmedia":[{"embeddable":true,"href":"https:\/\/tattini.dotstage.net\/fr\/wp-json\/wp\/v2\/media\/16582"}],"wp:attachment":[{"href":"https:\/\/tattini.dotstage.net\/fr\/wp-json\/wp\/v2\/media?parent=26476"}],"wp:term":[{"taxonomy":"product_cat","embeddable":true,"href":"https:\/\/tattini.dotstage.net\/fr\/wp-json\/wp\/v2\/product_cat?post=26476"},{"taxonomy":"product_tag","embeddable":true,"href":"https:\/\/tattini.dotstage.net\/fr\/wp-json\/wp\/v2\/product_tag?post=26476"}],"curies":[{"name":"wp","href":"https:\/\/api.w.org\/{rel}","templated":true}]}}