{"id":26300,"date":"2023-10-31T10:41:34","date_gmt":"2023-10-31T10:41:34","guid":{"rendered":"https:\/\/tattini.dotstage.net\/prodotto\/protege-tibias-arriere-tattini\/"},"modified":"2024-02-02T16:36:43","modified_gmt":"2024-02-02T16:36:43","slug":"protege-tendons-tattini-posterieur","status":"publish","type":"product","link":"https:\/\/tattini.dotstage.net\/fr\/produit\/protege-tendons-tattini-posterieur\/","title":{"rendered":"Protege tendons Tattini posterieur"},"content":{"rendered":"","protected":false},"excerpt":{"rendered":"<p>Rembourr\u00e9s avec agneau synth\u00e9tique. Fermeture \u00e0 deux sangles avec fixation auto-agrippante et \u00e9lastique<\/p>\n","protected":false},"featured_media":16567,"template":"","meta":[],"product_cat":[870,861],"product_tag":[],"_links":{"self":[{"href":"https:\/\/tattini.dotstage.net\/fr\/wp-json\/wp\/v2\/product\/26300"}],"collection":[{"href":"https:\/\/tattini.dotstage.net\/fr\/wp-json\/wp\/v2\/product"}],"about":[{"href":"https:\/\/tattini.dotstage.net\/fr\/wp-json\/wp\/v2\/types\/product"}],"version-history":[{"count":0,"href":"https:\/\/tattini.dotstage.net\/fr\/wp-json\/wp\/v2\/product\/26300\/revisions"}],"wp:featuredmedia":[{"embeddable":true,"href":"https:\/\/tattini.dotstage.net\/fr\/wp-json\/wp\/v2\/media\/16567"}],"wp:attachment":[{"href":"https:\/\/tattini.dotstage.net\/fr\/wp-json\/wp\/v2\/media?parent=26300"}],"wp:term":[{"taxonomy":"product_cat","embeddable":true,"href":"https:\/\/tattini.dotstage.net\/fr\/wp-json\/wp\/v2\/product_cat?post=26300"},{"taxonomy":"product_tag","embeddable":true,"href":"https:\/\/tattini.dotstage.net\/fr\/wp-json\/wp\/v2\/product_tag?post=26300"}],"curies":[{"name":"wp","href":"https:\/\/api.w.org\/{rel}","templated":true}]}}