{"id":25933,"date":"2023-10-31T10:43:09","date_gmt":"2023-10-31T10:43:09","guid":{"rendered":"https:\/\/tattini.dotstage.net\/prodotto\/casquette-daslo-classique-avec-petite-roue-au-dos-pour-le-reglage-de-la-taille\/"},"modified":"2024-02-02T16:35:56","modified_gmt":"2024-02-02T16:35:56","slug":"bombe-daslo-classique-avec-petite-roue-arriere","status":"publish","type":"product","link":"https:\/\/tattini.dotstage.net\/fr\/produit\/bombe-daslo-classique-avec-petite-roue-arriere\/","title":{"rendered":"Bombe Dasl\u00f6 classique avec petite roue arri\u00e8re"},"content":{"rendered":"","protected":false},"excerpt":{"rendered":"<p>&#8211; Coque ABS rev\u00eatement en velours &#8211; Petite roue \u00e0 l\u2019arri\u00e8re pour le r\u00e9glage de la taille &#8211; Homologu\u00e9 CE VG1 &#8211; Pourvue de housse en tissu &#8211; Doublure int\u00e9rieure rembourr\u00e9e, amovible et lavable. Tailles: XS (50-52) &#8211; S (53-55) &#8211; M (56-59) &#8211; L (60-61)<\/p>\n","protected":false},"featured_media":17014,"template":"","meta":[],"product_cat":[831,828],"product_tag":[],"_links":{"self":[{"href":"https:\/\/tattini.dotstage.net\/fr\/wp-json\/wp\/v2\/product\/25933"}],"collection":[{"href":"https:\/\/tattini.dotstage.net\/fr\/wp-json\/wp\/v2\/product"}],"about":[{"href":"https:\/\/tattini.dotstage.net\/fr\/wp-json\/wp\/v2\/types\/product"}],"version-history":[{"count":0,"href":"https:\/\/tattini.dotstage.net\/fr\/wp-json\/wp\/v2\/product\/25933\/revisions"}],"wp:featuredmedia":[{"embeddable":true,"href":"https:\/\/tattini.dotstage.net\/fr\/wp-json\/wp\/v2\/media\/17014"}],"wp:attachment":[{"href":"https:\/\/tattini.dotstage.net\/fr\/wp-json\/wp\/v2\/media?parent=25933"}],"wp:term":[{"taxonomy":"product_cat","embeddable":true,"href":"https:\/\/tattini.dotstage.net\/fr\/wp-json\/wp\/v2\/product_cat?post=25933"},{"taxonomy":"product_tag","embeddable":true,"href":"https:\/\/tattini.dotstage.net\/fr\/wp-json\/wp\/v2\/product_tag?post=25933"}],"curies":[{"name":"wp","href":"https:\/\/api.w.org\/{rel}","templated":true}]}}